{"id":1089,"date":"2024-08-17T16:22:33","date_gmt":"2024-08-17T14:22:33","guid":{"rendered":"https:\/\/astrodream.pl\/?page_id=1089"},"modified":"2024-09-23T09:09:01","modified_gmt":"2024-09-23T07:09:01","slug":"milkyway-above-la-palma-observatory","status":"publish","type":"page","link":"https:\/\/astrodream.pl\/en\/milkyway-above-la-palma-observatory\/","title":{"rendered":"MilkyWay above La Palma Observatory"},"content":{"rendered":"<div class=\"wp-block-uagb-container uagb-block-66e9f735 alignfull uagb-is-root-container\"><div class=\"uagb-container-inner-blocks-wrap\">\n<div class=\"wp-block-uagb-advanced-heading uagb-block-4a0c234a\"><h1 class=\"uagb-heading-text\">Milky way above La Palma Observatory<\/h1><\/div>\n\n\n\t\t\t\t\t<div\n\t\t\t\t\t\tclass=\"wp-block-uagb-image-gallery uagb-block-6e61a59a\"\n\t\t\t\t\t\tstyle=\"\"\n\t\t\t\t\t>\n\t\t\t\t\t\t\t\t\t\t\t<div data-aos= \"fade\" data-aos-duration=\"400\" data-aos-delay=\"0\" data-aos-easing=\"ease\" data-aos-once=\"true\" class=\"spectra-image-gallery spectra-image-gallery__layout--masonry spectra-image-gallery__layout--masonry-col-1 spectra-image-gallery__layout--masonry-col-tab-1 spectra-image-gallery__layout--masonry-col-mob-1\">\n\t\t\t\t\t\t\t\t\t\t\t<div class='spectra-image-gallery__media-wrapper--isotope'>\n\t\t\t\t\t\t\t<div class='spectra-image-gallery__media-wrapper' data-spectra-gallery-image-id='959' tabindex=\"0\">\n\t\t\t\t\t\t\t<div class=\"spectra-image-gallery__media spectra-image-gallery__media--masonry\">\n\t\t\t\t<picture>\n\t\t\t\t\t<source media=\"(min-width: 1024px)\" srcset=\"https:\/\/astrodream.pl\/wp-content\/uploads\/2024\/08\/MilkyWay-above-La-Palma-Observatory.jpg\">\n\t\t\t\t\t<source media=\"(min-width: 768px)\" srcset=\"https:\/\/astrodream.pl\/wp-content\/uploads\/2024\/08\/MilkyWay-above-La-Palma-Observatory.jpg\">\n\t\t\t\t\t<img decoding=\"async\" class=\"spectra-image-gallery__media-thumbnail spectra-image-gallery__media-thumbnail--masonry\" src=\"https:\/\/astrodream.pl\/wp-content\/uploads\/2024\/08\/MilkyWay-above-La-Palma-Observatory.jpg\" alt=\"MilkyWay above La Palma Observatory\" loading=\"lazy\" \/>\n\t\t\t\t<\/picture>\n\t\t\t\t<div class=\"spectra-image-gallery__media-thumbnail-blurrer\"><\/div>\n\t\t\t\t\t\t\t\t\t\t\t<div class=\"spectra-image-gallery__media-thumbnail-caption-wrapper spectra-image-gallery__media-thumbnail-caption-wrapper--overlay\"><\/div>\n\t\t\t\t\t\t\t\t<\/div>\n\t\t\t\t\t\t<\/div>\n\t\t\t\t\t\t<\/div>\n\t\t\t\t\t\t\t\t\t\t<\/div>\n\t\t\t\t\t\t\t\t\t\t\t\t\t\t\t\t\t\t<\/div>\n\t\t\t\t\t\t\t\t\t\t\t<div class='spectra-image-gallery__control-lightbox' tabindex='0'>\n\t\t\t\t\t\t\t\t\t\t\t<div class=\"swiper spectra-image-gallery__control-lightbox--main\" dir=\"\">\n\t\t\t\t\t<div class=\"swiper-wrapper\">\n\t\t\t\t\t\t\t\t\t\t\t\t\t\n\t\t\t\t\t\t\t<div class=\"swiper-slide\">\n\t\t\t\t\t\t\t\t<img class=\"swiper-lazy\" data-src=\"https:\/\/astrodream.pl\/wp-content\/uploads\/2024\/08\/MilkyWay-above-La-Palma-Observatory.jpg\" alt=\"MilkyWay above La Palma Observatory\"\/>\n\t\t\t\t\t\t\t\t<div class=\"swiper-lazy-preloader swiper-lazy-preloader-white\"><\/div>\n\t\t\t\t\t\t\t\t\t\t\t\t\t\t\t<\/div>\n\t\t\t\t\t\t\t\t\t\t\t<\/div>\n\t\t\t\t\t<div class=\"swiper-button-next\"><\/div>\n\t\t\t\t\t<div class=\"swiper-button-prev\"><\/div>\n\t\t\t\t<\/div>\t\t\t\n\t\t\t\t\t\t\t\t\t\t\t\t\t\t\t\t\t\t\t\t\t\t\t\t\t\t\t\t\t\t\t\t<button class='spectra-image-gallery__control-lightbox--close' aria-label=\"Close\">\n\t\t\t\t\t\t\t\t\t\t\t\t\t<svg xmlns=\"https:\/\/www.w3.org\/2000\/svg\" viewbox= \"0 0 320 512\"><path d=\"M310.6 361.4c12.5 12.5 12.5 32.75 0 45.25C304.4 412.9 296.2 416 288 416s-16.38-3.125-22.62-9.375L160 301.3L54.63 406.6C48.38 412.9 40.19 416 32 416S15.63 412.9 9.375 406.6c-12.5-12.5-12.5-32.75 0-45.25l105.4-105.4L9.375 150.6c-12.5-12.5-12.5-32.75 0-45.25s32.75-12.5 45.25 0L160 210.8l105.4-105.4c12.5-12.5 32.75-12.5 45.25 0s12.5 32.75 0 45.25l-105.4 105.4L310.6 361.4z\"><\/path><\/svg>\n\t\t\t\t\t\t\t\t\t\t\t\t<\/button>\n\t\t\t\t\t\t\t\t\t\t\t\t\t<\/div>\n\t\t\t\t\t\t\t\t\t<\/div><\/div>\n\n\n\n<div class=\"wp-block-uagb-container uagb-block-0ff13d1e alignfull uagb-is-root-container\"><div class=\"uagb-container-inner-blocks-wrap\">\n<div class=\"wp-block-uagb-advanced-heading uagb-block-66abd518\"><h3 class=\"uagb-heading-text\">Title: Milky way above La Palma Observatory<br>Author: Marcin Rosadzi\u0144ski<br><\/h3><\/div>\n\n\n\n<div class=\"wp-block-uagb-advanced-heading uagb-block-793f1203\"><p class=\"uagb-heading-text\">Picture taken in La Palma island and shows milky way galaxy rising over one of the biggest and the most important astronomical observatory in the world. Observatory is located in the high of 2300 where clouds are almost always beneath because trade wind clouds that hits the high mountains and stops clouds at the height between 1000 and 1700 meter. In this photography you can admire 5 of the biggest telescopes in this observatory: in the first row from the left site: ( Magic I; Magic II; LST telescope), second row in the background from left site ( National Galileo telescope and Gran Telescopio Canarias ). Picture consists of 4 frames for the sky, each 60s, ISO1600, f2.8. and one frame for background, 60s,ISO1600, f5.6. For processing in used: Pixinsights and Photoshop. Picture was published by NASA as Astronomy Picture of the Day. Link below:&nbsp;<a href=\"https:\/\/apod.nasa.gov\/apod\/ap230718.html\">APOD: 2023 July 18 \u2013 Milky Way above La Palma Observatory (nasa.gov)<\/a><\/p><\/div>\n\n\n\n<div class=\"wp-block-uagb-advanced-heading uagb-block-418b5df7\"><p class=\"uagb-heading-text\">Equipment &amp; Exif<br>\ud83d\udcf7Canon 6D mod<br>\ud83d\udcabSamyang 24mm f1.4 (f2.8)<br>\u2728SWSA<br>\ud83c\udf0c Pixinsights, Photoshop<br>\u2728Sky 4x60s, ISO1600, f.2.8<br>\u2728Background 1x60s, ISO1600, f.5.6.<br><\/p><\/div>\n<\/div><\/div>\n\n\n\n<div class=\"wp-block-uagb-container uag-hide-tab uag-hide-mob uagb-block-a6bfea04 alignfull uagb-is-root-container\"><div class=\"uagb-container-inner-blocks-wrap\">\n<div class=\"wp-block-uagb-info-box uagb-block-baf92aae uagb-infobox__content-wrap  uagb-infobox-icon-above-title uagb-infobox-image-valign-top\"><div class=\"uagb-ifb-content\"><div class=\"uagb-ifb-title-wrap\"><div class=\"uagb-ifb-separator\"><\/div><h2 class=\"uagb-ifb-title\">Join me<\/h2><\/div><p class=\"uagb-ifb-desc\">Let's discover the secrets of the night and the beauty of the universe together. Follow my gallery and get inspired!<\/p><div class=\"uagb-ifb-button-wrapper wp-block-button\"><a href=\"https:\/\/astrodream.pl\/en\/galeria\/\" class=\"uagb-infobox-cta-link wp-block-button__link\" target=\"_self\" rel=\"noopener noreferrer\" onclick=\"return true;\"><span class=\"uagb-inline-editing\">Discover more<\/span><\/a><\/div><\/div><\/div>\n<\/div><\/div>\n\n\n\n<div class=\"wp-block-uagb-container uag-hide-desktop uagb-block-c6af5ec0 alignfull uagb-is-root-container\"><div class=\"uagb-container-inner-blocks-wrap\">\n<div class=\"wp-block-uagb-info-box uagb-block-dd444df5 uagb-infobox__content-wrap  uagb-infobox-icon-above-title uagb-infobox-image-valign-top\"><div class=\"uagb-ifb-content\"><div class=\"uagb-ifb-title-wrap\"><div class=\"uagb-ifb-separator\"><\/div><h2 class=\"uagb-ifb-title\">Join me<\/h2><\/div><p class=\"uagb-ifb-desc\">Let's discover the secrets of the night and the beauty of the universe together. Follow my gallery and get inspired!<\/p><div class=\"uagb-ifb-button-wrapper wp-block-button\"><a href=\"https:\/\/astrodream.pl\/en\/galeria\/\" class=\"uagb-infobox-cta-link wp-block-button__link\" target=\"_self\" rel=\"noopener noreferrer\" onclick=\"return true;\"><span class=\"uagb-inline-editing\">Discover more<\/span><\/a><\/div><\/div><\/div>\n<\/div><\/div>","protected":false},"excerpt":{"rendered":"<p>Droga Mleczna nad obserwatorium astronomicznym La Palmy Tytu\u0142: Droga Mleczna nad obserwatorium astronomicznym La PalmyAutor: Marcin Rosadzi\u0144ski Zdj\u0119cie zrobione na [&hellip;]<\/p>","protected":false},"author":1,"featured_media":0,"parent":0,"menu_order":0,"comment_status":"closed","ping_status":"closed","template":"","meta":{"_eb_attr":"","_uag_custom_page_level_css":"","site-sidebar-layout":"default","site-content-layout":"","ast-site-content-layout":"default","site-content-style":"default","site-sidebar-style":"default","ast-global-header-display":"","ast-banner-title-visibility":"","ast-main-header-display":"","ast-hfb-above-header-display":"","ast-hfb-below-header-display":"","ast-hfb-mobile-header-display":"","site-post-title":"disabled","ast-breadcrumbs-content":"","ast-featured-img":"","footer-sml-layout":"","theme-transparent-header-meta":"","adv-header-id-meta":"","stick-header-meta":"","header-above-stick-meta":"","header-main-stick-meta":"","header-below-stick-meta":"","astra-migrate-meta-layouts":"default","ast-page-background-enabled":"default","ast-page-background-meta":{"desktop":{"background-color":"var(--ast-global-color-4)","background-image":"","background-repeat":"repeat","background-position":"center center","background-size":"auto","background-attachment":"scroll","background-type":"","background-media":"","overlay-type":"","overlay-color":"","overlay-opacity":"","overlay-gradient":""},"tablet":{"background-color":"","background-image":"","background-repeat":"repeat","background-position":"center center","background-size":"auto","background-attachment":"scroll","background-type":"","background-media":"","overlay-type":"","overlay-color":"","overlay-opacity":"","overlay-gradient":""},"mobile":{"background-color":"","background-image":"","background-repeat":"repeat","background-position":"center center","background-size":"auto","background-attachment":"scroll","background-type":"","background-media":"","overlay-type":"","overlay-color":"","overlay-opacity":"","overlay-gradient":""}},"ast-content-background-meta":{"desktop":{"background-color":"var(--ast-global-color-5)","background-image":"","background-repeat":"repeat","background-position":"center center","background-size":"auto","background-attachment":"scroll","background-type":"","background-media":"","overlay-type":"","overlay-color":"","overlay-opacity":"","overlay-gradient":""},"tablet":{"background-color":"var(--ast-global-color-5)","background-image":"","background-repeat":"repeat","background-position":"center center","background-size":"auto","background-attachment":"scroll","background-type":"","background-media":"","overlay-type":"","overlay-color":"","overlay-opacity":"","overlay-gradient":""},"mobile":{"background-color":"var(--ast-global-color-5)","background-image":"","background-repeat":"repeat","background-position":"center center","background-size":"auto","background-attachment":"scroll","background-type":"","background-media":"","overlay-type":"","overlay-color":"","overlay-opacity":"","overlay-gradient":""}},"footnotes":""},"class_list":["post-1089","page","type-page","status-publish","hentry"],"yoast_head":"<!-- This site is optimized with the Yoast SEO plugin v25.8 - https:\/\/yoast.com\/wordpress\/plugins\/seo\/ -->\n<title>Droga mleczna nad obserwatorium astronomicznym La Palma - astrodream.pl<\/title>\n<meta name=\"description\" content=\"Droga mleczna nad obserwatorium astronomicznym La Palma, zdj\u0119cie przedstawia galaktyk\u0119 Drogi Mlecznej wznosz\u0105c\u0105 si\u0119 nad obserwatorium.\" \/>\n<meta name=\"robots\" content=\"index, follow, max-snippet:-1, max-image-preview:large, max-video-preview:-1\" \/>\n<link rel=\"canonical\" href=\"https:\/\/astrodream.pl\/en\/milkyway-above-la-palma-observatory\/\" \/>\n<meta property=\"og:locale\" content=\"en_GB\" \/>\n<meta property=\"og:type\" content=\"article\" \/>\n<meta property=\"og:title\" content=\"Droga mleczna nad obserwatorium astronomicznym La Palma - astrodream.pl\" \/>\n<meta property=\"og:description\" content=\"Droga mleczna nad obserwatorium astronomicznym La Palma, zdj\u0119cie przedstawia galaktyk\u0119 Drogi Mlecznej wznosz\u0105c\u0105 si\u0119 nad obserwatorium.\" \/>\n<meta property=\"og:url\" content=\"https:\/\/astrodream.pl\/en\/milkyway-above-la-palma-observatory\/\" \/>\n<meta property=\"og:site_name\" content=\"astrodream.pl\" \/>\n<meta property=\"article:modified_time\" content=\"2024-09-23T07:09:01+00:00\" \/>\n<meta property=\"og:image\" content=\"https:\/\/astrodream.pl\/wp-content\/uploads\/2024\/08\/StairwaystoHeaven.jpg\" \/>\n\t<meta property=\"og:image:width\" content=\"2500\" \/>\n\t<meta property=\"og:image:height\" content=\"1762\" \/>\n\t<meta property=\"og:image:type\" content=\"image\/jpeg\" \/>\n<meta name=\"twitter:card\" content=\"summary_large_image\" \/>\n<meta name=\"twitter:label1\" content=\"Estimated reading time\" \/>\n\t<meta name=\"twitter:data1\" content=\"2 minutes\" \/>\n<script type=\"application\/ld+json\" class=\"yoast-schema-graph\">{\"@context\":\"https:\/\/schema.org\",\"@graph\":[{\"@type\":\"WebPage\",\"@id\":\"https:\/\/astrodream.pl\/milkyway-above-la-palma-observatory\/\",\"url\":\"https:\/\/astrodream.pl\/milkyway-above-la-palma-observatory\/\",\"name\":\"Droga mleczna nad obserwatorium astronomicznym La Palma - astrodream.pl\",\"isPartOf\":{\"@id\":\"https:\/\/astrodream.pl\/#website\"},\"datePublished\":\"2024-08-17T14:22:33+00:00\",\"dateModified\":\"2024-09-23T07:09:01+00:00\",\"description\":\"Droga mleczna nad obserwatorium astronomicznym La Palma, zdj\u0119cie przedstawia galaktyk\u0119 Drogi Mlecznej wznosz\u0105c\u0105 si\u0119 nad obserwatorium.\",\"breadcrumb\":{\"@id\":\"https:\/\/astrodream.pl\/milkyway-above-la-palma-observatory\/#breadcrumb\"},\"inLanguage\":\"en-GB\",\"potentialAction\":[{\"@type\":\"ReadAction\",\"target\":[\"https:\/\/astrodream.pl\/milkyway-above-la-palma-observatory\/\"]}]},{\"@type\":\"BreadcrumbList\",\"@id\":\"https:\/\/astrodream.pl\/milkyway-above-la-palma-observatory\/#breadcrumb\",\"itemListElement\":[{\"@type\":\"ListItem\",\"position\":1,\"name\":\"Strona g\u0142\u00f3wna\",\"item\":\"https:\/\/astrodream.pl\/\"},{\"@type\":\"ListItem\",\"position\":2,\"name\":\"MilkyWay above La Palma Observatory\"}]},{\"@type\":\"WebSite\",\"@id\":\"https:\/\/astrodream.pl\/#website\",\"url\":\"https:\/\/astrodream.pl\/\",\"name\":\"astrodream.pl\",\"description\":\"Astrofotografia, sklep z obrazami, wydrukami\",\"publisher\":{\"@id\":\"https:\/\/astrodream.pl\/#organization\"},\"potentialAction\":[{\"@type\":\"SearchAction\",\"target\":{\"@type\":\"EntryPoint\",\"urlTemplate\":\"https:\/\/astrodream.pl\/?s={search_term_string}\"},\"query-input\":{\"@type\":\"PropertyValueSpecification\",\"valueRequired\":true,\"valueName\":\"search_term_string\"}}],\"inLanguage\":\"en-GB\"},{\"@type\":\"Organization\",\"@id\":\"https:\/\/astrodream.pl\/#organization\",\"name\":\"Astrofotografia Marcin Rosadzi\u0144ski\",\"url\":\"https:\/\/astrodream.pl\/\",\"logo\":{\"@type\":\"ImageObject\",\"inLanguage\":\"en-GB\",\"@id\":\"https:\/\/astrodream.pl\/#\/schema\/logo\/image\/\",\"url\":\"https:\/\/astrodream.pl\/wp-content\/uploads\/2024\/07\/3-\u2014-kopia.png\",\"contentUrl\":\"https:\/\/astrodream.pl\/wp-content\/uploads\/2024\/07\/3-\u2014-kopia.png\",\"width\":700,\"height\":227,\"caption\":\"Astrofotografia Marcin Rosadzi\u0144ski\"},\"image\":{\"@id\":\"https:\/\/astrodream.pl\/#\/schema\/logo\/image\/\"}}]}<\/script>\n<!-- \/ Yoast SEO plugin. -->","yoast_head_json":{"title":"Droga mleczna nad obserwatorium astronomicznym La Palma - astrodream.pl","description":"Droga mleczna nad obserwatorium astronomicznym La Palma, zdj\u0119cie przedstawia galaktyk\u0119 Drogi Mlecznej wznosz\u0105c\u0105 si\u0119 nad obserwatorium.","robots":{"index":"index","follow":"follow","max-snippet":"max-snippet:-1","max-image-preview":"max-image-preview:large","max-video-preview":"max-video-preview:-1"},"canonical":"https:\/\/astrodream.pl\/en\/milkyway-above-la-palma-observatory\/","og_locale":"en_GB","og_type":"article","og_title":"Droga mleczna nad obserwatorium astronomicznym La Palma - astrodream.pl","og_description":"Droga mleczna nad obserwatorium astronomicznym La Palma, zdj\u0119cie przedstawia galaktyk\u0119 Drogi Mlecznej wznosz\u0105c\u0105 si\u0119 nad obserwatorium.","og_url":"https:\/\/astrodream.pl\/en\/milkyway-above-la-palma-observatory\/","og_site_name":"astrodream.pl","article_modified_time":"2024-09-23T07:09:01+00:00","og_image":[{"width":2500,"height":1762,"url":"https:\/\/astrodream.pl\/wp-content\/uploads\/2024\/08\/StairwaystoHeaven.jpg","type":"image\/jpeg"}],"twitter_card":"summary_large_image","twitter_misc":{"Estimated reading time":"2 minutes"},"schema":{"@context":"https:\/\/schema.org","@graph":[{"@type":"WebPage","@id":"https:\/\/astrodream.pl\/milkyway-above-la-palma-observatory\/","url":"https:\/\/astrodream.pl\/milkyway-above-la-palma-observatory\/","name":"Droga mleczna nad obserwatorium astronomicznym La Palma - astrodream.pl","isPartOf":{"@id":"https:\/\/astrodream.pl\/#website"},"datePublished":"2024-08-17T14:22:33+00:00","dateModified":"2024-09-23T07:09:01+00:00","description":"Droga mleczna nad obserwatorium astronomicznym La Palma, zdj\u0119cie przedstawia galaktyk\u0119 Drogi Mlecznej wznosz\u0105c\u0105 si\u0119 nad obserwatorium.","breadcrumb":{"@id":"https:\/\/astrodream.pl\/milkyway-above-la-palma-observatory\/#breadcrumb"},"inLanguage":"en-GB","potentialAction":[{"@type":"ReadAction","target":["https:\/\/astrodream.pl\/milkyway-above-la-palma-observatory\/"]}]},{"@type":"BreadcrumbList","@id":"https:\/\/astrodream.pl\/milkyway-above-la-palma-observatory\/#breadcrumb","itemListElement":[{"@type":"ListItem","position":1,"name":"Strona g\u0142\u00f3wna","item":"https:\/\/astrodream.pl\/"},{"@type":"ListItem","position":2,"name":"MilkyWay above La Palma Observatory"}]},{"@type":"WebSite","@id":"https:\/\/astrodream.pl\/#website","url":"https:\/\/astrodream.pl\/","name":"astrodream.pl","description":"Astrofotografia, sklep z obrazami, wydrukami","publisher":{"@id":"https:\/\/astrodream.pl\/#organization"},"potentialAction":[{"@type":"SearchAction","target":{"@type":"EntryPoint","urlTemplate":"https:\/\/astrodream.pl\/?s={search_term_string}"},"query-input":{"@type":"PropertyValueSpecification","valueRequired":true,"valueName":"search_term_string"}}],"inLanguage":"en-GB"},{"@type":"Organization","@id":"https:\/\/astrodream.pl\/#organization","name":"Astrofotografia Marcin Rosadzi\u0144ski","url":"https:\/\/astrodream.pl\/","logo":{"@type":"ImageObject","inLanguage":"en-GB","@id":"https:\/\/astrodream.pl\/#\/schema\/logo\/image\/","url":"https:\/\/astrodream.pl\/wp-content\/uploads\/2024\/07\/3-\u2014-kopia.png","contentUrl":"https:\/\/astrodream.pl\/wp-content\/uploads\/2024\/07\/3-\u2014-kopia.png","width":700,"height":227,"caption":"Astrofotografia Marcin Rosadzi\u0144ski"},"image":{"@id":"https:\/\/astrodream.pl\/#\/schema\/logo\/image\/"}}]}},"uagb_featured_image_src":{"full":false,"thumbnail":false,"medium":false,"medium_large":false,"large":false,"1536x1536":false,"2048x2048":false,"trp-custom-language-flag":false,"woocommerce_thumbnail":false,"woocommerce_single":false,"woocommerce_gallery_thumbnail":false,"variation_swatches_image_size":false,"variation_swatches_tooltip_size":false},"uagb_author_info":{"display_name":"admin","author_link":"https:\/\/astrodream.pl\/en\/author\/admin\/"},"uagb_comment_info":0,"uagb_excerpt":"Droga Mleczna nad obserwatorium astronomicznym La Palmy Tytu\u0142: Droga Mleczna nad obserwatorium astronomicznym La PalmyAutor: Marcin Rosadzi\u0144ski Zdj\u0119cie zrobione na [&hellip;]","_links":{"self":[{"href":"https:\/\/astrodream.pl\/en\/wp-json\/wp\/v2\/pages\/1089","targetHints":{"allow":["GET"]}}],"collection":[{"href":"https:\/\/astrodream.pl\/en\/wp-json\/wp\/v2\/pages"}],"about":[{"href":"https:\/\/astrodream.pl\/en\/wp-json\/wp\/v2\/types\/page"}],"author":[{"embeddable":true,"href":"https:\/\/astrodream.pl\/en\/wp-json\/wp\/v2\/users\/1"}],"replies":[{"embeddable":true,"href":"https:\/\/astrodream.pl\/en\/wp-json\/wp\/v2\/comments?post=1089"}],"version-history":[{"count":3,"href":"https:\/\/astrodream.pl\/en\/wp-json\/wp\/v2\/pages\/1089\/revisions"}],"predecessor-version":[{"id":2374,"href":"https:\/\/astrodream.pl\/en\/wp-json\/wp\/v2\/pages\/1089\/revisions\/2374"}],"wp:attachment":[{"href":"https:\/\/astrodream.pl\/en\/wp-json\/wp\/v2\/media?parent=1089"}],"curies":[{"name":"wp","href":"https:\/\/api.w.org\/{rel}","templated":true}]}}