{"id":1181,"date":"2024-08-18T00:07:36","date_gmt":"2024-08-17T22:07:36","guid":{"rendered":"https:\/\/astrodream.pl\/?post_type=product&#038;p=1181"},"modified":"2025-06-03T22:02:55","modified_gmt":"2025-06-03T20:02:55","slug":"kubek-z-nadrukiem","status":"publish","type":"product","link":"https:\/\/astrodream.pl\/en\/product\/kubek-z-nadrukiem\/","title":{"rendered":"Mug with a print"},"content":{"rendered":"<div class=\"wp-block-uagb-container uagb-block-c03837ce alignfull uagb-is-root-container\"><div class=\"uagb-container-inner-blocks-wrap\">\n<div class=\"wp-block-uagb-advanced-heading uagb-block-cc7e62be\"><h2 class=\"uagb-heading-text\">Ceramic mug with a print<\/h2><\/div>\n\n\n\n<p>The highest quality ceramics and accurate and even coverage of the mug surface with polyester coatings ensure excellent printing effects.<br><\/p>\n\n\n\n<p>Available colors: black, white<br><\/p>\n\n\n\n<div class=\"wp-block-uagb-advanced-heading uagb-block-7b7bb122\"><h3 class=\"uagb-heading-text\">Quality Guarantee:<\/h3><\/div>\n\n\n\n<p>\u2022 Top quality print always checked by human.<br>\u2022 Worldwide insured shipping.<br>\u2022 Each print is handcrafted for each specific order.<br>\u2022 Free replacement in case of damages in shipping.<br>\u2022 Every purchase support an artist.<\/p>\n<\/div><\/div>\n\n\n\n<div class=\"wp-block-uagb-container uagb-block-77797140 alignfull uagb-is-root-container\"><div class=\"uagb-container-inner-blocks-wrap\">\n<div class=\"wp-block-uagb-container uagb-block-7446f8b3\">\n<div class=\"wp-block-essential-blocks-accordion  root-eb-accordion-nf76p\"><div class=\"eb-parent-wrapper eb-parent-eb-accordion-nf76p\"><div class=\"eb-accordion-container eb-accordion-nf76p\" data-accordion-type=\"accordion\" data-tab-icon=\"fas fa-angle-right\" data-expanded-icon=\"fas fa-angle-down\" data-transition-duration=\"500\"><div class=\"eb-accordion-inner\">\n<div class=\"wp-block-essential-blocks-accordion-item eb-accordion-item-voaet eb-accordion-wrapper\" data-clickable=\"false\"><div class=\"eb-accordion-title-wrapper eb-accordion-title-wrapper-eb-accordion-nf76p\" tabindex=\"0\"><span class=\"eb-accordion-icon-wrapper eb-accordion-icon-wrapper-eb-accordion-nf76p\"><span class=\"fas fa-angle-right eb-accordion-icon\"><\/span><\/span><div class=\"eb-accordion-title-content-wrap title-content-eb-accordion-nf76p\"><h3 class=\"eb-accordion-title\">What's included in the set<\/h3><\/div><\/div><div class=\"eb-accordion-content-wrapper eb-accordion-content-wrapper-eb-accordion-nf76p\"><div class=\"eb-accordion-content\">\n<p class=\"has-ast-global-color-2-color has-text-color has-link-color wp-elements-ff77e2868b9690eaddf43145cd93612e\"><strong>&nbsp;Mug with a print<\/strong> in the selected color<\/p>\n<\/div><\/div><\/div>\n\n\n\n<div class=\"wp-block-essential-blocks-accordion-item eb-accordion-item-80syo eb-accordion-wrapper\" data-clickable=\"false\"><div class=\"eb-accordion-title-wrapper eb-accordion-title-wrapper-eb-accordion-nf76p\" tabindex=\"0\"><span class=\"eb-accordion-icon-wrapper eb-accordion-icon-wrapper-eb-accordion-nf76p\"><span class=\"fas fa-angle-right eb-accordion-icon\"><\/span><\/span><div class=\"eb-accordion-title-content-wrap title-content-eb-accordion-nf76p\"><h3 class=\"eb-accordion-title\">Shipping time<\/h3><\/div><\/div><div class=\"eb-accordion-content-wrapper eb-accordion-content-wrapper-eb-accordion-nf76p\"><div class=\"eb-accordion-content\">\n<p class=\"has-ast-global-color-2-color has-text-color has-link-color wp-elements-b576f22b27f30579c2a79b0ef7486501\">Each print is printed individually for your orders and takes up to 3 business days. However, in most cases, the printout is prepared within one day of receiving the order or on the day the order is received.<br>\nDelivery within Poland takes 2-5 business days<\/p>\n\n\n\n<p class=\"has-ast-global-color-2-color has-text-color has-link-color wp-elements-d05a9521f8a43a55178681a94ae04f69\"><br>Outside Poland in the European Union from 2 to 14 business days.<\/p>\n\n\n\n<p class=\"has-ast-global-color-2-color has-text-color has-link-color wp-elements-63b7f5c2477509a404f23731b794ee01\"><br>Outside the European Union, to countries such as the USA or Canada, up to 20 business days<br>\nSecurity<br>\nMy poster art is shipped as rolled sheets (unframed) in a cardboard tube. All framed prints are securely protected and shipped in a flat cardboard box.<br>\nAll our prints are produced and shipped from Poland (European Union).<br>\nShipping of my paintings is organized via several popular parcel delivery services such as Inpost, DPD, GLS, Fedex depending on your destination - final shipping option information for your destination is displayed at checkout.<\/p>\n<\/div><\/div><\/div>\n<\/div><\/div><\/div><\/div>\n<\/div>\n<\/div><\/div>","protected":false},"excerpt":{"rendered":"<p>Ceramic mug with a print<\/p>\n<p>Product available soon!<\/p>","protected":false},"featured_media":1192,"comment_status":"open","ping_status":"closed","template":"","meta":{"_eb_attr":"","_uag_custom_page_level_css":"","site-sidebar-layout":"default","site-content-layout":"","ast-site-content-layout":"default","site-content-style":"default","site-sidebar-style":"default","ast-global-header-display":"","ast-banner-title-visibility":"","ast-main-header-display":"","ast-hfb-above-header-display":"","ast-hfb-below-header-display":"","ast-hfb-mobile-header-display":"","site-post-title":"","ast-breadcrumbs-content":"","ast-featured-img":"","footer-sml-layout":"","theme-transparent-header-meta":"default","adv-header-id-meta":"","stick-header-meta":"","header-above-stick-meta":"","header-main-stick-meta":"","header-below-stick-meta":"","astra-migrate-meta-layouts":"set","ast-page-background-enabled":"default","ast-page-background-meta":{"desktop":{"background-color":"var(--ast-global-color-4)","background-image":"","background-repeat":"repeat","background-position":"center center","background-size":"auto","background-attachment":"scroll","background-type":"","background-media":"","overlay-type":"","overlay-color":"","overlay-opacity":"","overlay-gradient":""},"tablet":{"background-color":"","background-image":"","background-repeat":"repeat","background-position":"center center","background-size":"auto","background-attachment":"scroll","background-type":"","background-media":"","overlay-type":"","overlay-color":"","overlay-opacity":"","overlay-gradient":""},"mobile":{"background-color":"","background-image":"","background-repeat":"repeat","background-position":"center center","background-size":"auto","background-attachment":"scroll","background-type":"","background-media":"","overlay-type":"","overlay-color":"","overlay-opacity":"","overlay-gradient":""}},"ast-content-background-meta":{"desktop":{"background-color":"var(--ast-global-color-5)","background-image":"","background-repeat":"repeat","background-position":"center center","background-size":"auto","background-attachment":"scroll","background-type":"","background-media":"","overlay-type":"","overlay-color":"","overlay-opacity":"","overlay-gradient":""},"tablet":{"background-color":"var(--ast-global-color-5)","background-image":"","background-repeat":"repeat","background-position":"center center","background-size":"auto","background-attachment":"scroll","background-type":"","background-media":"","overlay-type":"","overlay-color":"","overlay-opacity":"","overlay-gradient":""},"mobile":{"background-color":"var(--ast-global-color-5)","background-image":"","background-repeat":"repeat","background-position":"center center","background-size":"auto","background-attachment":"scroll","background-type":"","background-media":"","overlay-type":"","overlay-color":"","overlay-opacity":"","overlay-gradient":""}}},"product_brand":[],"product_cat":[22],"product_tag":[29,32,34,33],"class_list":{"0":"post-1181","1":"product","2":"type-product","3":"status-publish","4":"has-post-thumbnail","6":"product_cat-kalendarze-i-gadzety","7":"product_tag-astrofotografia","8":"product_tag-kubek","9":"product_tag-kubek-ceramiczny","10":"product_tag-kubek-z-nadrukiem","11":"product_shipping_class-kurier-fedex-usa-kanada-swiat-korekta-ceny-koszulki-kubka-i-kalendarza","12":"desktop-align-left","13":"tablet-align-left","14":"mobile-align-left","16":"first","17":"outofstock","18":"shipping-taxable","19":"purchasable","20":"product-type-variable"},"yoast_head":"<!-- This site is optimized with the Yoast SEO plugin v25.8 - https:\/\/yoast.com\/wordpress\/plugins\/seo\/ -->\n<title>Kubek z nadrukiem - astrodream.pl<\/title>\n<meta name=\"description\" content=\"Kubek ceramiczny z nadrukiem z astrofotografi\u0105, do wyboru kolor czarny lub bia\u0142y.\" \/>\n<meta name=\"robots\" content=\"index, follow, max-snippet:-1, max-image-preview:large, max-video-preview:-1\" \/>\n<link rel=\"canonical\" href=\"https:\/\/astrodream.pl\/en\/product\/kubek-z-nadrukiem\/\" \/>\n<meta property=\"og:locale\" content=\"en_GB\" \/>\n<meta property=\"og:type\" content=\"article\" \/>\n<meta property=\"og:title\" content=\"Kubek z nadrukiem - astrodream.pl\" \/>\n<meta property=\"og:description\" content=\"Kubek ceramiczny z nadrukiem z astrofotografi\u0105, do wyboru kolor czarny lub bia\u0142y.\" \/>\n<meta property=\"og:url\" content=\"https:\/\/astrodream.pl\/en\/product\/kubek-z-nadrukiem\/\" \/>\n<meta property=\"og:site_name\" content=\"astrodream.pl\" \/>\n<meta property=\"article:modified_time\" content=\"2025-06-03T20:02:55+00:00\" \/>\n<meta property=\"og:image\" content=\"https:\/\/astrodream.pl\/wp-content\/uploads\/2024\/08\/pexels-pnw-prod-8251774.jpg\" \/>\n\t<meta property=\"og:image:width\" content=\"1333\" \/>\n\t<meta property=\"og:image:height\" content=\"1851\" \/>\n\t<meta property=\"og:image:type\" content=\"image\/jpeg\" \/>\n<meta name=\"twitter:card\" content=\"summary_large_image\" \/>\n<meta name=\"twitter:label1\" content=\"Estimated reading time\" \/>\n\t<meta name=\"twitter:data1\" content=\"1 minute\" \/>\n<script type=\"application\/ld+json\" class=\"yoast-schema-graph\">{\"@context\":\"https:\/\/schema.org\",\"@graph\":[{\"@type\":\"WebPage\",\"@id\":\"https:\/\/astrodream.pl\/produkt\/kubek-z-nadrukiem\/\",\"url\":\"https:\/\/astrodream.pl\/produkt\/kubek-z-nadrukiem\/\",\"name\":\"Kubek z nadrukiem - astrodream.pl\",\"isPartOf\":{\"@id\":\"https:\/\/astrodream.pl\/#website\"},\"primaryImageOfPage\":{\"@id\":\"https:\/\/astrodream.pl\/produkt\/kubek-z-nadrukiem\/#primaryimage\"},\"image\":{\"@id\":\"https:\/\/astrodream.pl\/produkt\/kubek-z-nadrukiem\/#primaryimage\"},\"thumbnailUrl\":\"https:\/\/astrodream.pl\/wp-content\/uploads\/2024\/08\/pexels-pnw-prod-8251774.jpg\",\"datePublished\":\"2024-08-17T22:07:36+00:00\",\"dateModified\":\"2025-06-03T20:02:55+00:00\",\"description\":\"Kubek ceramiczny z nadrukiem z astrofotografi\u0105, do wyboru kolor czarny lub bia\u0142y.\",\"breadcrumb\":{\"@id\":\"https:\/\/astrodream.pl\/produkt\/kubek-z-nadrukiem\/#breadcrumb\"},\"inLanguage\":\"en-GB\",\"potentialAction\":[{\"@type\":\"ReadAction\",\"target\":[\"https:\/\/astrodream.pl\/produkt\/kubek-z-nadrukiem\/\"]}]},{\"@type\":\"ImageObject\",\"inLanguage\":\"en-GB\",\"@id\":\"https:\/\/astrodream.pl\/produkt\/kubek-z-nadrukiem\/#primaryimage\",\"url\":\"https:\/\/astrodream.pl\/wp-content\/uploads\/2024\/08\/pexels-pnw-prod-8251774.jpg\",\"contentUrl\":\"https:\/\/astrodream.pl\/wp-content\/uploads\/2024\/08\/pexels-pnw-prod-8251774.jpg\",\"width\":1333,\"height\":1851,\"caption\":\"kubek\"},{\"@type\":\"BreadcrumbList\",\"@id\":\"https:\/\/astrodream.pl\/produkt\/kubek-z-nadrukiem\/#breadcrumb\",\"itemListElement\":[{\"@type\":\"ListItem\",\"position\":1,\"name\":\"Strona g\u0142\u00f3wna\",\"item\":\"https:\/\/astrodream.pl\/\"},{\"@type\":\"ListItem\",\"position\":2,\"name\":\"Sklep\",\"item\":\"https:\/\/astrodream.pl\/sklep\/\"},{\"@type\":\"ListItem\",\"position\":3,\"name\":\"Kubek z nadrukiem\"}]},{\"@type\":\"WebSite\",\"@id\":\"https:\/\/astrodream.pl\/#website\",\"url\":\"https:\/\/astrodream.pl\/\",\"name\":\"astrodream.pl\",\"description\":\"Astrofotografia, sklep z obrazami, wydrukami\",\"publisher\":{\"@id\":\"https:\/\/astrodream.pl\/#organization\"},\"potentialAction\":[{\"@type\":\"SearchAction\",\"target\":{\"@type\":\"EntryPoint\",\"urlTemplate\":\"https:\/\/astrodream.pl\/?s={search_term_string}\"},\"query-input\":{\"@type\":\"PropertyValueSpecification\",\"valueRequired\":true,\"valueName\":\"search_term_string\"}}],\"inLanguage\":\"en-GB\"},{\"@type\":\"Organization\",\"@id\":\"https:\/\/astrodream.pl\/#organization\",\"name\":\"Astrofotografia Marcin Rosadzi\u0144ski\",\"url\":\"https:\/\/astrodream.pl\/\",\"logo\":{\"@type\":\"ImageObject\",\"inLanguage\":\"en-GB\",\"@id\":\"https:\/\/astrodream.pl\/#\/schema\/logo\/image\/\",\"url\":\"https:\/\/astrodream.pl\/wp-content\/uploads\/2024\/07\/3-\u2014-kopia.png\",\"contentUrl\":\"https:\/\/astrodream.pl\/wp-content\/uploads\/2024\/07\/3-\u2014-kopia.png\",\"width\":700,\"height\":227,\"caption\":\"Astrofotografia Marcin Rosadzi\u0144ski\"},\"image\":{\"@id\":\"https:\/\/astrodream.pl\/#\/schema\/logo\/image\/\"}}]}<\/script>\n<!-- \/ Yoast SEO plugin. -->","yoast_head_json":{"title":"Kubek z nadrukiem - astrodream.pl","description":"Kubek ceramiczny z nadrukiem z astrofotografi\u0105, do wyboru kolor czarny lub bia\u0142y.","robots":{"index":"index","follow":"follow","max-snippet":"max-snippet:-1","max-image-preview":"max-image-preview:large","max-video-preview":"max-video-preview:-1"},"canonical":"https:\/\/astrodream.pl\/en\/product\/kubek-z-nadrukiem\/","og_locale":"en_GB","og_type":"article","og_title":"Kubek z nadrukiem - astrodream.pl","og_description":"Kubek ceramiczny z nadrukiem z astrofotografi\u0105, do wyboru kolor czarny lub bia\u0142y.","og_url":"https:\/\/astrodream.pl\/en\/product\/kubek-z-nadrukiem\/","og_site_name":"astrodream.pl","article_modified_time":"2025-06-03T20:02:55+00:00","og_image":[{"width":1333,"height":1851,"url":"https:\/\/astrodream.pl\/wp-content\/uploads\/2024\/08\/pexels-pnw-prod-8251774.jpg","type":"image\/jpeg"}],"twitter_card":"summary_large_image","twitter_misc":{"Estimated reading time":"1 minute"},"schema":{"@context":"https:\/\/schema.org","@graph":[{"@type":"WebPage","@id":"https:\/\/astrodream.pl\/produkt\/kubek-z-nadrukiem\/","url":"https:\/\/astrodream.pl\/produkt\/kubek-z-nadrukiem\/","name":"Kubek z nadrukiem - astrodream.pl","isPartOf":{"@id":"https:\/\/astrodream.pl\/#website"},"primaryImageOfPage":{"@id":"https:\/\/astrodream.pl\/produkt\/kubek-z-nadrukiem\/#primaryimage"},"image":{"@id":"https:\/\/astrodream.pl\/produkt\/kubek-z-nadrukiem\/#primaryimage"},"thumbnailUrl":"https:\/\/astrodream.pl\/wp-content\/uploads\/2024\/08\/pexels-pnw-prod-8251774.jpg","datePublished":"2024-08-17T22:07:36+00:00","dateModified":"2025-06-03T20:02:55+00:00","description":"Kubek ceramiczny z nadrukiem z astrofotografi\u0105, do wyboru kolor czarny lub bia\u0142y.","breadcrumb":{"@id":"https:\/\/astrodream.pl\/produkt\/kubek-z-nadrukiem\/#breadcrumb"},"inLanguage":"en-GB","potentialAction":[{"@type":"ReadAction","target":["https:\/\/astrodream.pl\/produkt\/kubek-z-nadrukiem\/"]}]},{"@type":"ImageObject","inLanguage":"en-GB","@id":"https:\/\/astrodream.pl\/produkt\/kubek-z-nadrukiem\/#primaryimage","url":"https:\/\/astrodream.pl\/wp-content\/uploads\/2024\/08\/pexels-pnw-prod-8251774.jpg","contentUrl":"https:\/\/astrodream.pl\/wp-content\/uploads\/2024\/08\/pexels-pnw-prod-8251774.jpg","width":1333,"height":1851,"caption":"kubek"},{"@type":"BreadcrumbList","@id":"https:\/\/astrodream.pl\/produkt\/kubek-z-nadrukiem\/#breadcrumb","itemListElement":[{"@type":"ListItem","position":1,"name":"Strona g\u0142\u00f3wna","item":"https:\/\/astrodream.pl\/"},{"@type":"ListItem","position":2,"name":"Sklep","item":"https:\/\/astrodream.pl\/sklep\/"},{"@type":"ListItem","position":3,"name":"Kubek z nadrukiem"}]},{"@type":"WebSite","@id":"https:\/\/astrodream.pl\/#website","url":"https:\/\/astrodream.pl\/","name":"astrodream.pl","description":"Astrofotografia, sklep z obrazami, wydrukami","publisher":{"@id":"https:\/\/astrodream.pl\/#organization"},"potentialAction":[{"@type":"SearchAction","target":{"@type":"EntryPoint","urlTemplate":"https:\/\/astrodream.pl\/?s={search_term_string}"},"query-input":{"@type":"PropertyValueSpecification","valueRequired":true,"valueName":"search_term_string"}}],"inLanguage":"en-GB"},{"@type":"Organization","@id":"https:\/\/astrodream.pl\/#organization","name":"Astrofotografia Marcin Rosadzi\u0144ski","url":"https:\/\/astrodream.pl\/","logo":{"@type":"ImageObject","inLanguage":"en-GB","@id":"https:\/\/astrodream.pl\/#\/schema\/logo\/image\/","url":"https:\/\/astrodream.pl\/wp-content\/uploads\/2024\/07\/3-\u2014-kopia.png","contentUrl":"https:\/\/astrodream.pl\/wp-content\/uploads\/2024\/07\/3-\u2014-kopia.png","width":700,"height":227,"caption":"Astrofotografia Marcin Rosadzi\u0144ski"},"image":{"@id":"https:\/\/astrodream.pl\/#\/schema\/logo\/image\/"}}]}},"uagb_featured_image_src":{"full":["https:\/\/astrodream.pl\/wp-content\/uploads\/2024\/08\/pexels-pnw-prod-8251774.jpg",1333,1851,false],"thumbnail":["https:\/\/astrodream.pl\/wp-content\/uploads\/2024\/08\/pexels-pnw-prod-8251774.jpg",108,150,false],"medium":["https:\/\/astrodream.pl\/wp-content\/uploads\/2024\/08\/pexels-pnw-prod-8251774.jpg",216,300,false],"medium_large":["https:\/\/astrodream.pl\/wp-content\/uploads\/2024\/08\/pexels-pnw-prod-8251774.jpg",768,1066,false],"large":["https:\/\/astrodream.pl\/wp-content\/uploads\/2024\/08\/pexels-pnw-prod-8251774.jpg",737,1024,false],"1536x1536":["https:\/\/astrodream.pl\/wp-content\/uploads\/2024\/08\/pexels-pnw-prod-8251774.jpg",1106,1536,false],"2048x2048":["https:\/\/astrodream.pl\/wp-content\/uploads\/2024\/08\/pexels-pnw-prod-8251774.jpg",1333,1851,false],"trp-custom-language-flag":["https:\/\/astrodream.pl\/wp-content\/uploads\/2024\/08\/pexels-pnw-prod-8251774.jpg",9,12,false],"woocommerce_thumbnail":["https:\/\/astrodream.pl\/wp-content\/uploads\/2024\/08\/pexels-pnw-prod-8251774-300x300.jpg",300,300,true],"woocommerce_single":["https:\/\/astrodream.pl\/wp-content\/uploads\/2024\/08\/pexels-pnw-prod-8251774.jpg",600,833,false],"woocommerce_gallery_thumbnail":["https:\/\/astrodream.pl\/wp-content\/uploads\/2024\/08\/pexels-pnw-prod-8251774-100x100.jpg",100,100,true],"variation_swatches_image_size":["https:\/\/astrodream.pl\/wp-content\/uploads\/2024\/08\/pexels-pnw-prod-8251774.jpg",36,50,false],"variation_swatches_tooltip_size":["https:\/\/astrodream.pl\/wp-content\/uploads\/2024\/08\/pexels-pnw-prod-8251774.jpg",72,100,false]},"uagb_author_info":{"display_name":"admin","author_link":"https:\/\/astrodream.pl\/en\/author\/"},"uagb_comment_info":1,"uagb_excerpt":"Kubek ceramiczny z nadrukiem Produkt dost\u0119pny ju\u017c wkr\u00f3tce!","_links":{"self":[{"href":"https:\/\/astrodream.pl\/en\/wp-json\/wp\/v2\/product\/1181","targetHints":{"allow":["GET"]}}],"collection":[{"href":"https:\/\/astrodream.pl\/en\/wp-json\/wp\/v2\/product"}],"about":[{"href":"https:\/\/astrodream.pl\/en\/wp-json\/wp\/v2\/types\/product"}],"replies":[{"embeddable":true,"href":"https:\/\/astrodream.pl\/en\/wp-json\/wp\/v2\/comments?post=1181"}],"wp:featuredmedia":[{"embeddable":true,"href":"https:\/\/astrodream.pl\/en\/wp-json\/wp\/v2\/media\/1192"}],"wp:attachment":[{"href":"https:\/\/astrodream.pl\/en\/wp-json\/wp\/v2\/media?parent=1181"}],"wp:term":[{"taxonomy":"product_brand","embeddable":true,"href":"https:\/\/astrodream.pl\/en\/wp-json\/wp\/v2\/product_brand?post=1181"},{"taxonomy":"product_cat","embeddable":true,"href":"https:\/\/astrodream.pl\/en\/wp-json\/wp\/v2\/product_cat?post=1181"},{"taxonomy":"product_tag","embeddable":true,"href":"https:\/\/astrodream.pl\/en\/wp-json\/wp\/v2\/product_tag?post=1181"}],"curies":[{"name":"wp","href":"https:\/\/api.w.org\/{rel}","templated":true}]}}