{"id":2396,"date":"2024-10-02T09:03:15","date_gmt":"2024-10-02T07:03:15","guid":{"rendered":"https:\/\/astrodream.pl\/?post_type=product&#038;p=2396"},"modified":"2026-05-09T15:08:15","modified_gmt":"2026-05-09T13:08:15","slug":"ponad-chmurami-tapeta-komputer","status":"publish","type":"product","link":"https:\/\/astrodream.pl\/en\/product\/ponad-chmurami-tapeta-komputer\/","title":{"rendered":"Over the Clouds wallpaper for desktop"},"content":{"rendered":"<div class=\"wp-block-uagb-container uagb-block-c03837ce alignfull uagb-is-root-container\"><div class=\"uagb-container-inner-blocks-wrap\">\n<div class=\"wp-block-uagb-advanced-heading uagb-block-cc7e62be\"><h2 class=\"uagb-heading-text\">Over the clouds<\/h2><\/div>\n\n\n\n<p>The image depicts our galaxy, the Milky Way, rising above a complex of clouds beautifully illuminated from below by city lights. Photography taken in La Palma at an altitude of 2300 meter above the see level, in one of the most beautiful place in this island called Mirador de Los Andenes. Normally this place is often crowded especially in the high tourist season but this night the place was reserved exclusively for me ( there was noone else except for me, illuminated clouds, mountains and galaxy ) This photo is a panorama which consists of 9 panels: 6 panels for the sky and 3 panels for background<\/p>\n\n\n\n<p><strong>ATTENTION:<\/strong> The photo looks beautiful on the computer wallpaper, but the resolution of the photo is not suitable for printing the photo<\/p>\n<\/div><\/div>\n\n\n\n<div class=\"wp-block-uagb-container uagb-block-77797140 alignfull uagb-is-root-container\"><div class=\"uagb-container-inner-blocks-wrap\">\n<div class=\"wp-block-uagb-container uagb-block-87b0a97b\">\n<div class=\"wp-block-uagb-advanced-heading uagb-block-b3909a22\"><h3 class=\"uagb-heading-text\">Product Description:<\/h3><\/div>\n\n\n\n<p><br><strong><span style=\"color:#fbc270\">File:<\/span><\/strong> The product contains an electronic file in jpg format with the dimensions 1357x1920px. After paying and downloading the file, you can place the photo on the screen of your computer.<\/p>\n\n\n\n<p>The photo looks beautiful on the computer wallpaper, but the resolution of the photo is not suitable for printing the photo<\/p>\n<\/div>\n\n\n\n<div class=\"wp-block-uagb-container uagb-block-7446f8b3\"><\/div>\n<\/div><\/div>","protected":false},"excerpt":{"rendered":"<h2 class=\"uagb-heading-text\">Over the clouds<\/h2>\n<p>The image depicts our galaxy, the Milky Way, rising above a complex of clouds beautifully illuminated from below by city lights\u00a0<\/p>\n<p>&nbsp;<\/p>","protected":false},"featured_media":2426,"comment_status":"open","ping_status":"closed","template":"","meta":{"_eb_attr":"","_uag_custom_page_level_css":"","site-sidebar-layout":"default","site-content-layout":"","ast-site-content-layout":"default","site-content-style":"default","site-sidebar-style":"default","ast-global-header-display":"","ast-banner-title-visibility":"","ast-main-header-display":"","ast-hfb-above-header-display":"","ast-hfb-below-header-display":"","ast-hfb-mobile-header-display":"","site-post-title":"","ast-breadcrumbs-content":"","ast-featured-img":"","footer-sml-layout":"","theme-transparent-header-meta":"default","adv-header-id-meta":"","stick-header-meta":"","header-above-stick-meta":"","header-main-stick-meta":"","header-below-stick-meta":"","astra-migrate-meta-layouts":"set","ast-page-background-enabled":"default","ast-page-background-meta":{"desktop":{"background-color":"var(--ast-global-color-4)","background-image":"","background-repeat":"repeat","background-position":"center center","background-size":"auto","background-attachment":"scroll","background-type":"","background-media":"","overlay-type":"","overlay-color":"","overlay-opacity":"","overlay-gradient":""},"tablet":{"background-color":"","background-image":"","background-repeat":"repeat","background-position":"center center","background-size":"auto","background-attachment":"scroll","background-type":"","background-media":"","overlay-type":"","overlay-color":"","overlay-opacity":"","overlay-gradient":""},"mobile":{"background-color":"","background-image":"","background-repeat":"repeat","background-position":"center center","background-size":"auto","background-attachment":"scroll","background-type":"","background-media":"","overlay-type":"","overlay-color":"","overlay-opacity":"","overlay-gradient":""}},"ast-content-background-meta":{"desktop":{"background-color":"var(--ast-global-color-5)","background-image":"","background-repeat":"repeat","background-position":"center center","background-size":"auto","background-attachment":"scroll","background-type":"","background-media":"","overlay-type":"","overlay-color":"","overlay-opacity":"","overlay-gradient":""},"tablet":{"background-color":"var(--ast-global-color-5)","background-image":"","background-repeat":"repeat","background-position":"center center","background-size":"auto","background-attachment":"scroll","background-type":"","background-media":"","overlay-type":"","overlay-color":"","overlay-opacity":"","overlay-gradient":""},"mobile":{"background-color":"var(--ast-global-color-5)","background-image":"","background-repeat":"repeat","background-position":"center center","background-size":"auto","background-attachment":"scroll","background-type":"","background-media":"","overlay-type":"","overlay-color":"","overlay-opacity":"","overlay-gradient":""}}},"product_brand":[],"product_cat":[43],"product_tag":[29,41,27],"class_list":{"0":"post-2396","1":"product","2":"type-product","3":"status-publish","4":"has-post-thumbnail","6":"product_cat-tapeta-na-komputer","7":"product_tag-astrofotografia","8":"product_tag-tapeta-na-komputer","9":"product_tag-wydruki","10":"desktop-align-left","11":"tablet-align-left","12":"mobile-align-left","14":"first","15":"instock","16":"downloadable","17":"virtual","18":"purchasable","19":"product-type-simple"},"yoast_head":"<!-- This site is optimized with the Yoast SEO plugin v25.8 - https:\/\/yoast.com\/wordpress\/plugins\/seo\/ -->\n<title>Ponad chmurami tapeta na komputer - astrodream.pl<\/title>\n<meta name=\"description\" content=\"Tapeta na komputer z fotografi\u0105 Ponad chmurami wykonan\u0105 na hiszpa\u0144skiej Teneryfie. Plik jpg do \u015bci\u0105gni\u0119cia o wymiarach 2000 x 1400px\" \/>\n<meta name=\"robots\" content=\"index, follow, max-snippet:-1, max-image-preview:large, max-video-preview:-1\" \/>\n<link rel=\"canonical\" href=\"https:\/\/astrodream.pl\/en\/product\/ponad-chmurami-tapeta-komputer\/\" \/>\n<meta property=\"og:locale\" content=\"en_GB\" \/>\n<meta property=\"og:type\" content=\"article\" \/>\n<meta property=\"og:title\" content=\"Ponad chmurami tapeta na komputer - astrodream.pl\" \/>\n<meta property=\"og:description\" content=\"Tapeta na komputer z fotografi\u0105 Ponad chmurami wykonan\u0105 na hiszpa\u0144skiej Teneryfie. Plik jpg do \u015bci\u0105gni\u0119cia o wymiarach 2000 x 1400px\" \/>\n<meta property=\"og:url\" content=\"https:\/\/astrodream.pl\/en\/product\/ponad-chmurami-tapeta-komputer\/\" \/>\n<meta property=\"og:site_name\" content=\"astrodream.pl\" \/>\n<meta property=\"article:modified_time\" content=\"2026-05-09T13:08:15+00:00\" \/>\n<meta property=\"og:image\" content=\"https:\/\/astrodream.pl\/wp-content\/uploads\/2024\/10\/Above-the-Clouds-Desktop.jpg\" \/>\n\t<meta property=\"og:image:width\" content=\"1357\" \/>\n\t<meta property=\"og:image:height\" content=\"1920\" \/>\n\t<meta property=\"og:image:type\" content=\"image\/jpeg\" \/>\n<meta name=\"twitter:card\" content=\"summary_large_image\" \/>\n<meta name=\"twitter:label1\" content=\"Estimated reading time\" \/>\n\t<meta name=\"twitter:data1\" content=\"2 minutes\" \/>\n<script type=\"application\/ld+json\" class=\"yoast-schema-graph\">{\"@context\":\"https:\/\/schema.org\",\"@graph\":[{\"@type\":\"WebPage\",\"@id\":\"https:\/\/astrodream.pl\/produkt\/ponad-chmurami-tapeta-komputer\/\",\"url\":\"https:\/\/astrodream.pl\/produkt\/ponad-chmurami-tapeta-komputer\/\",\"name\":\"Ponad chmurami tapeta na komputer - astrodream.pl\",\"isPartOf\":{\"@id\":\"https:\/\/astrodream.pl\/#website\"},\"primaryImageOfPage\":{\"@id\":\"https:\/\/astrodream.pl\/produkt\/ponad-chmurami-tapeta-komputer\/#primaryimage\"},\"image\":{\"@id\":\"https:\/\/astrodream.pl\/produkt\/ponad-chmurami-tapeta-komputer\/#primaryimage\"},\"thumbnailUrl\":\"https:\/\/astrodream.pl\/wp-content\/uploads\/2024\/10\/Above-the-Clouds-Desktop.jpg\",\"datePublished\":\"2024-10-02T07:03:15+00:00\",\"dateModified\":\"2026-05-09T13:08:15+00:00\",\"description\":\"Tapeta na komputer z fotografi\u0105 Ponad chmurami wykonan\u0105 na hiszpa\u0144skiej Teneryfie. Plik jpg do \u015bci\u0105gni\u0119cia o wymiarach 2000 x 1400px\",\"breadcrumb\":{\"@id\":\"https:\/\/astrodream.pl\/produkt\/ponad-chmurami-tapeta-komputer\/#breadcrumb\"},\"inLanguage\":\"en-GB\",\"potentialAction\":[{\"@type\":\"ReadAction\",\"target\":[\"https:\/\/astrodream.pl\/produkt\/ponad-chmurami-tapeta-komputer\/\"]}]},{\"@type\":\"ImageObject\",\"inLanguage\":\"en-GB\",\"@id\":\"https:\/\/astrodream.pl\/produkt\/ponad-chmurami-tapeta-komputer\/#primaryimage\",\"url\":\"https:\/\/astrodream.pl\/wp-content\/uploads\/2024\/10\/Above-the-Clouds-Desktop.jpg\",\"contentUrl\":\"https:\/\/astrodream.pl\/wp-content\/uploads\/2024\/10\/Above-the-Clouds-Desktop.jpg\",\"width\":1357,\"height\":1920,\"caption\":\"Tapeta na komputer, fotografia \\\"Ponad chmurami\\\"\"},{\"@type\":\"BreadcrumbList\",\"@id\":\"https:\/\/astrodream.pl\/produkt\/ponad-chmurami-tapeta-komputer\/#breadcrumb\",\"itemListElement\":[{\"@type\":\"ListItem\",\"position\":1,\"name\":\"Strona g\u0142\u00f3wna\",\"item\":\"https:\/\/astrodream.pl\/\"},{\"@type\":\"ListItem\",\"position\":2,\"name\":\"Sklep\",\"item\":\"https:\/\/astrodream.pl\/sklep\/\"},{\"@type\":\"ListItem\",\"position\":3,\"name\":\"Ponad chmurami tapeta na komputer\"}]},{\"@type\":\"WebSite\",\"@id\":\"https:\/\/astrodream.pl\/#website\",\"url\":\"https:\/\/astrodream.pl\/\",\"name\":\"astrodream.pl\",\"description\":\"Astrofotografia, sklep z obrazami, wydrukami\",\"publisher\":{\"@id\":\"https:\/\/astrodream.pl\/#organization\"},\"potentialAction\":[{\"@type\":\"SearchAction\",\"target\":{\"@type\":\"EntryPoint\",\"urlTemplate\":\"https:\/\/astrodream.pl\/?s={search_term_string}\"},\"query-input\":{\"@type\":\"PropertyValueSpecification\",\"valueRequired\":true,\"valueName\":\"search_term_string\"}}],\"inLanguage\":\"en-GB\"},{\"@type\":\"Organization\",\"@id\":\"https:\/\/astrodream.pl\/#organization\",\"name\":\"Astrofotografia Marcin Rosadzi\u0144ski\",\"url\":\"https:\/\/astrodream.pl\/\",\"logo\":{\"@type\":\"ImageObject\",\"inLanguage\":\"en-GB\",\"@id\":\"https:\/\/astrodream.pl\/#\/schema\/logo\/image\/\",\"url\":\"https:\/\/astrodream.pl\/wp-content\/uploads\/2024\/07\/3-\u2014-kopia.png\",\"contentUrl\":\"https:\/\/astrodream.pl\/wp-content\/uploads\/2024\/07\/3-\u2014-kopia.png\",\"width\":700,\"height\":227,\"caption\":\"Astrofotografia Marcin Rosadzi\u0144ski\"},\"image\":{\"@id\":\"https:\/\/astrodream.pl\/#\/schema\/logo\/image\/\"}}]}<\/script>\n<!-- \/ Yoast SEO plugin. -->","yoast_head_json":{"title":"Ponad chmurami tapeta na komputer - astrodream.pl","description":"Tapeta na komputer z fotografi\u0105 Ponad chmurami wykonan\u0105 na hiszpa\u0144skiej Teneryfie. Plik jpg do \u015bci\u0105gni\u0119cia o wymiarach 2000 x 1400px","robots":{"index":"index","follow":"follow","max-snippet":"max-snippet:-1","max-image-preview":"max-image-preview:large","max-video-preview":"max-video-preview:-1"},"canonical":"https:\/\/astrodream.pl\/en\/product\/ponad-chmurami-tapeta-komputer\/","og_locale":"en_GB","og_type":"article","og_title":"Ponad chmurami tapeta na komputer - astrodream.pl","og_description":"Tapeta na komputer z fotografi\u0105 Ponad chmurami wykonan\u0105 na hiszpa\u0144skiej Teneryfie. Plik jpg do \u015bci\u0105gni\u0119cia o wymiarach 2000 x 1400px","og_url":"https:\/\/astrodream.pl\/en\/product\/ponad-chmurami-tapeta-komputer\/","og_site_name":"astrodream.pl","article_modified_time":"2026-05-09T13:08:15+00:00","og_image":[{"width":1357,"height":1920,"url":"https:\/\/astrodream.pl\/wp-content\/uploads\/2024\/10\/Above-the-Clouds-Desktop.jpg","type":"image\/jpeg"}],"twitter_card":"summary_large_image","twitter_misc":{"Estimated reading time":"2 minutes"},"schema":{"@context":"https:\/\/schema.org","@graph":[{"@type":"WebPage","@id":"https:\/\/astrodream.pl\/produkt\/ponad-chmurami-tapeta-komputer\/","url":"https:\/\/astrodream.pl\/produkt\/ponad-chmurami-tapeta-komputer\/","name":"Ponad chmurami tapeta na komputer - astrodream.pl","isPartOf":{"@id":"https:\/\/astrodream.pl\/#website"},"primaryImageOfPage":{"@id":"https:\/\/astrodream.pl\/produkt\/ponad-chmurami-tapeta-komputer\/#primaryimage"},"image":{"@id":"https:\/\/astrodream.pl\/produkt\/ponad-chmurami-tapeta-komputer\/#primaryimage"},"thumbnailUrl":"https:\/\/astrodream.pl\/wp-content\/uploads\/2024\/10\/Above-the-Clouds-Desktop.jpg","datePublished":"2024-10-02T07:03:15+00:00","dateModified":"2026-05-09T13:08:15+00:00","description":"Tapeta na komputer z fotografi\u0105 Ponad chmurami wykonan\u0105 na hiszpa\u0144skiej Teneryfie. Plik jpg do \u015bci\u0105gni\u0119cia o wymiarach 2000 x 1400px","breadcrumb":{"@id":"https:\/\/astrodream.pl\/produkt\/ponad-chmurami-tapeta-komputer\/#breadcrumb"},"inLanguage":"en-GB","potentialAction":[{"@type":"ReadAction","target":["https:\/\/astrodream.pl\/produkt\/ponad-chmurami-tapeta-komputer\/"]}]},{"@type":"ImageObject","inLanguage":"en-GB","@id":"https:\/\/astrodream.pl\/produkt\/ponad-chmurami-tapeta-komputer\/#primaryimage","url":"https:\/\/astrodream.pl\/wp-content\/uploads\/2024\/10\/Above-the-Clouds-Desktop.jpg","contentUrl":"https:\/\/astrodream.pl\/wp-content\/uploads\/2024\/10\/Above-the-Clouds-Desktop.jpg","width":1357,"height":1920,"caption":"Tapeta na komputer, fotografia \"Ponad chmurami\""},{"@type":"BreadcrumbList","@id":"https:\/\/astrodream.pl\/produkt\/ponad-chmurami-tapeta-komputer\/#breadcrumb","itemListElement":[{"@type":"ListItem","position":1,"name":"Strona g\u0142\u00f3wna","item":"https:\/\/astrodream.pl\/"},{"@type":"ListItem","position":2,"name":"Sklep","item":"https:\/\/astrodream.pl\/sklep\/"},{"@type":"ListItem","position":3,"name":"Ponad chmurami tapeta na komputer"}]},{"@type":"WebSite","@id":"https:\/\/astrodream.pl\/#website","url":"https:\/\/astrodream.pl\/","name":"astrodream.pl","description":"Astrofotografia, sklep z obrazami, wydrukami","publisher":{"@id":"https:\/\/astrodream.pl\/#organization"},"potentialAction":[{"@type":"SearchAction","target":{"@type":"EntryPoint","urlTemplate":"https:\/\/astrodream.pl\/?s={search_term_string}"},"query-input":{"@type":"PropertyValueSpecification","valueRequired":true,"valueName":"search_term_string"}}],"inLanguage":"en-GB"},{"@type":"Organization","@id":"https:\/\/astrodream.pl\/#organization","name":"Astrofotografia Marcin Rosadzi\u0144ski","url":"https:\/\/astrodream.pl\/","logo":{"@type":"ImageObject","inLanguage":"en-GB","@id":"https:\/\/astrodream.pl\/#\/schema\/logo\/image\/","url":"https:\/\/astrodream.pl\/wp-content\/uploads\/2024\/07\/3-\u2014-kopia.png","contentUrl":"https:\/\/astrodream.pl\/wp-content\/uploads\/2024\/07\/3-\u2014-kopia.png","width":700,"height":227,"caption":"Astrofotografia Marcin Rosadzi\u0144ski"},"image":{"@id":"https:\/\/astrodream.pl\/#\/schema\/logo\/image\/"}}]}},"uagb_featured_image_src":{"full":["https:\/\/astrodream.pl\/wp-content\/uploads\/2024\/10\/Above-the-Clouds-Desktop.jpg",1357,1920,false],"thumbnail":["https:\/\/astrodream.pl\/wp-content\/uploads\/2024\/10\/Above-the-Clouds-Desktop-150x150.jpg",150,150,true],"medium":["https:\/\/astrodream.pl\/wp-content\/uploads\/2024\/10\/Above-the-Clouds-Desktop-212x300.jpg",212,300,true],"medium_large":["https:\/\/astrodream.pl\/wp-content\/uploads\/2024\/10\/Above-the-Clouds-Desktop-768x1087.jpg",768,1087,true],"large":["https:\/\/astrodream.pl\/wp-content\/uploads\/2024\/10\/Above-the-Clouds-Desktop-724x1024.jpg",724,1024,true],"1536x1536":["https:\/\/astrodream.pl\/wp-content\/uploads\/2024\/10\/Above-the-Clouds-Desktop-1086x1536.jpg",1086,1536,true],"2048x2048":["https:\/\/astrodream.pl\/wp-content\/uploads\/2024\/10\/Above-the-Clouds-Desktop.jpg",1357,1920,false],"trp-custom-language-flag":["https:\/\/astrodream.pl\/wp-content\/uploads\/2024\/10\/Above-the-Clouds-Desktop-8x12.jpg",8,12,true],"woocommerce_thumbnail":["https:\/\/astrodream.pl\/wp-content\/uploads\/2024\/10\/Above-the-Clouds-Desktop-300x300.jpg",300,300,true],"woocommerce_single":["https:\/\/astrodream.pl\/wp-content\/uploads\/2024\/10\/Above-the-Clouds-Desktop-600x849.jpg",600,849,true],"woocommerce_gallery_thumbnail":["https:\/\/astrodream.pl\/wp-content\/uploads\/2024\/10\/Above-the-Clouds-Desktop-100x100.jpg",100,100,true],"variation_swatches_image_size":["https:\/\/astrodream.pl\/wp-content\/uploads\/2024\/10\/Above-the-Clouds-Desktop-50x50.jpg",50,50,true],"variation_swatches_tooltip_size":["https:\/\/astrodream.pl\/wp-content\/uploads\/2024\/10\/Above-the-Clouds-Desktop-100x100.jpg",100,100,true]},"uagb_author_info":{"display_name":"admin","author_link":"https:\/\/astrodream.pl\/en\/author\/"},"uagb_comment_info":2,"uagb_excerpt":"Ponad chmurami Zdj\u0119cie przedstawia nasz\u0105 galaktyk\u0119, Drog\u0119 Mleczn\u0105, wznosz\u0105c\u0105 si\u0119 nad chmurami kt\u00f3re zosta\u0142y przepi\u0119knie o\u015bwietlone od do\u0142u \u015bwiat\u0142em pochodz\u0105cym z miasta.\u00a0 &nbsp;","_links":{"self":[{"href":"https:\/\/astrodream.pl\/en\/wp-json\/wp\/v2\/product\/2396","targetHints":{"allow":["GET"]}}],"collection":[{"href":"https:\/\/astrodream.pl\/en\/wp-json\/wp\/v2\/product"}],"about":[{"href":"https:\/\/astrodream.pl\/en\/wp-json\/wp\/v2\/types\/product"}],"replies":[{"embeddable":true,"href":"https:\/\/astrodream.pl\/en\/wp-json\/wp\/v2\/comments?post=2396"}],"wp:featuredmedia":[{"embeddable":true,"href":"https:\/\/astrodream.pl\/en\/wp-json\/wp\/v2\/media\/2426"}],"wp:attachment":[{"href":"https:\/\/astrodream.pl\/en\/wp-json\/wp\/v2\/media?parent=2396"}],"wp:term":[{"taxonomy":"product_brand","embeddable":true,"href":"https:\/\/astrodream.pl\/en\/wp-json\/wp\/v2\/product_brand?post=2396"},{"taxonomy":"product_cat","embeddable":true,"href":"https:\/\/astrodream.pl\/en\/wp-json\/wp\/v2\/product_cat?post=2396"},{"taxonomy":"product_tag","embeddable":true,"href":"https:\/\/astrodream.pl\/en\/wp-json\/wp\/v2\/product_tag?post=2396"}],"curies":[{"name":"wp","href":"https:\/\/api.w.org\/{rel}","templated":true}]}}