{"id":2431,"date":"2024-10-05T16:48:04","date_gmt":"2024-10-05T14:48:04","guid":{"rendered":"https:\/\/astrodream.pl\/?post_type=product&#038;p=2431"},"modified":"2024-11-08T22:03:13","modified_gmt":"2024-11-08T21:03:13","slug":"traba-slonia-tapeta-na-komputer","status":"publish","type":"product","link":"https:\/\/astrodream.pl\/en\/product\/traba-slonia-tapeta-na-komputer\/","title":{"rendered":"Elephant Trunk wallpaper for desktop"},"content":{"rendered":"<div class=\"wp-block-uagb-container uagb-block-c03837ce alignfull uagb-is-root-container\"><div class=\"uagb-container-inner-blocks-wrap\">\n<div class=\"wp-block-uagb-advanced-heading uagb-block-cc7e62be\"><h2 class=\"uagb-heading-text\">Elephant Trunk<\/h2><\/div>\n\n\n\n<p>The Elephant's Trunk Nebula, also known as IC 1396A, is a dark nebula located in the vast region of IC 1396, which in turn is a large, diffuse emission nebula in the constellation Cepheus. IC 1396A is located about 2,400 light-years from Earth and is one of the most photogenic astronomical objects due to its distinctive shape, resembling an elephant's trunk. The Elephant's Trunk Nebula is also a graveyard for ancient stellar giants, whose remains remain hidden in the darkest corners of the nebula, feeding its delicate but incredibly dynamic ecosystem.<\/p>\n\n\n\n<p><strong>ATTENTION:<\/strong> The photo looks beautiful on the computer wallpaper, but the resolution of the photo is not suitable for printing the photo<\/p>\n<\/div><\/div>\n\n\n\n<div class=\"wp-block-uagb-container uagb-block-77797140 alignfull uagb-is-root-container\"><div class=\"uagb-container-inner-blocks-wrap\">\n<div class=\"wp-block-uagb-container uagb-block-87b0a97b\">\n<div class=\"wp-block-uagb-advanced-heading uagb-block-b3909a22\"><h3 class=\"uagb-heading-text\">Product Description:<\/h3><\/div>\n\n\n\n<p><br><strong><span style=\"color:#fbc270\">File:<\/span><\/strong> The product contains an electronic file in jpg format with the dimensions 1917x1920px . After paying and downloading the file, you can place the photo on the screen of your computer.<\/p>\n\n\n\n<p>The photo looks beautiful on the computer wallpaper, but the resolution of the photo is not suitable for printing the photo<\/p>\n<\/div>\n\n\n\n<div class=\"wp-block-uagb-container uagb-block-7446f8b3\"><\/div>\n<\/div><\/div>","protected":false},"excerpt":{"rendered":"<h2 class=\"uagb-heading-text\">Elephant Trunk<\/h2>\n<p>The Elephant's Trunk Nebula, also known as IC 1396A, is a dark nebula located in the vast region of IC 1396, which in turn is a large, diffuse emission nebula in the constellation Cepheus.\u00a0<\/p>\n<p>&nbsp;<\/p>","protected":false},"featured_media":2430,"comment_status":"open","ping_status":"closed","template":"","meta":{"_eb_attr":"","_uag_custom_page_level_css":"","site-sidebar-layout":"default","site-content-layout":"","ast-site-content-layout":"default","site-content-style":"default","site-sidebar-style":"default","ast-global-header-display":"","ast-banner-title-visibility":"","ast-main-header-display":"","ast-hfb-above-header-display":"","ast-hfb-below-header-display":"","ast-hfb-mobile-header-display":"","site-post-title":"","ast-breadcrumbs-content":"","ast-featured-img":"","footer-sml-layout":"","theme-transparent-header-meta":"default","adv-header-id-meta":"","stick-header-meta":"","header-above-stick-meta":"","header-main-stick-meta":"","header-below-stick-meta":"","astra-migrate-meta-layouts":"set","ast-page-background-enabled":"default","ast-page-background-meta":{"desktop":{"background-color":"var(--ast-global-color-4)","background-image":"","background-repeat":"repeat","background-position":"center center","background-size":"auto","background-attachment":"scroll","background-type":"","background-media":"","overlay-type":"","overlay-color":"","overlay-opacity":"","overlay-gradient":""},"tablet":{"background-color":"","background-image":"","background-repeat":"repeat","background-position":"center center","background-size":"auto","background-attachment":"scroll","background-type":"","background-media":"","overlay-type":"","overlay-color":"","overlay-opacity":"","overlay-gradient":""},"mobile":{"background-color":"","background-image":"","background-repeat":"repeat","background-position":"center center","background-size":"auto","background-attachment":"scroll","background-type":"","background-media":"","overlay-type":"","overlay-color":"","overlay-opacity":"","overlay-gradient":""}},"ast-content-background-meta":{"desktop":{"background-color":"var(--ast-global-color-5)","background-image":"","background-repeat":"repeat","background-position":"center center","background-size":"auto","background-attachment":"scroll","background-type":"","background-media":"","overlay-type":"","overlay-color":"","overlay-opacity":"","overlay-gradient":""},"tablet":{"background-color":"var(--ast-global-color-5)","background-image":"","background-repeat":"repeat","background-position":"center center","background-size":"auto","background-attachment":"scroll","background-type":"","background-media":"","overlay-type":"","overlay-color":"","overlay-opacity":"","overlay-gradient":""},"mobile":{"background-color":"var(--ast-global-color-5)","background-image":"","background-repeat":"repeat","background-position":"center center","background-size":"auto","background-attachment":"scroll","background-type":"","background-media":"","overlay-type":"","overlay-color":"","overlay-opacity":"","overlay-gradient":""}}},"product_brand":[],"product_cat":[43],"product_tag":[29,41,27],"class_list":{"0":"post-2431","1":"product","2":"type-product","3":"status-publish","4":"has-post-thumbnail","6":"product_cat-tapeta-na-komputer","7":"product_tag-astrofotografia","8":"product_tag-tapeta-na-komputer","9":"product_tag-wydruki","10":"desktop-align-left","11":"tablet-align-left","12":"mobile-align-left","14":"first","15":"instock","16":"downloadable","17":"virtual","18":"purchasable","19":"product-type-simple"},"yoast_head":"<!-- This site is optimized with the Yoast SEO plugin v25.8 - https:\/\/yoast.com\/wordpress\/plugins\/seo\/ -->\n<title>Tr\u0105ba S\u0142onia tapeta na komputer - astrodream.pl<\/title>\n<meta name=\"description\" content=\"Tapeta na komputer z fotografi\u0105 g\u0142\u0119bokiego nieba przedstawiaj\u0105ca mg\u0142awic\u0119 o nazwie Tr\u0105ba S\u0142onia. Plik jpg do \u015bci\u0105gni\u0119cia o wymiarach 1911x 1920px\" \/>\n<meta name=\"robots\" content=\"index, follow, max-snippet:-1, max-image-preview:large, max-video-preview:-1\" \/>\n<link rel=\"canonical\" href=\"https:\/\/astrodream.pl\/en\/product\/traba-slonia-tapeta-na-komputer\/\" \/>\n<meta property=\"og:locale\" content=\"en_GB\" \/>\n<meta property=\"og:type\" content=\"article\" \/>\n<meta property=\"og:title\" content=\"Tr\u0105ba S\u0142onia tapeta na komputer - astrodream.pl\" \/>\n<meta property=\"og:description\" content=\"Tapeta na komputer z fotografi\u0105 g\u0142\u0119bokiego nieba przedstawiaj\u0105ca mg\u0142awic\u0119 o nazwie Tr\u0105ba S\u0142onia. Plik jpg do \u015bci\u0105gni\u0119cia o wymiarach 1911x 1920px\" \/>\n<meta property=\"og:url\" content=\"https:\/\/astrodream.pl\/en\/product\/traba-slonia-tapeta-na-komputer\/\" \/>\n<meta property=\"og:site_name\" content=\"astrodream.pl\" \/>\n<meta property=\"article:modified_time\" content=\"2024-11-08T21:03:13+00:00\" \/>\n<meta property=\"og:image\" content=\"https:\/\/astrodream.pl\/wp-content\/uploads\/2024\/10\/ElephantTrunk-Desktop.jpg\" \/>\n\t<meta property=\"og:image:width\" content=\"1911\" \/>\n\t<meta property=\"og:image:height\" content=\"1920\" \/>\n\t<meta property=\"og:image:type\" content=\"image\/jpeg\" \/>\n<meta name=\"twitter:card\" content=\"summary_large_image\" \/>\n<meta name=\"twitter:label1\" content=\"Estimated reading time\" \/>\n\t<meta name=\"twitter:data1\" content=\"2 minutes\" \/>\n<script type=\"application\/ld+json\" class=\"yoast-schema-graph\">{\"@context\":\"https:\/\/schema.org\",\"@graph\":[{\"@type\":\"WebPage\",\"@id\":\"https:\/\/astrodream.pl\/produkt\/traba-slonia-tapeta-na-komputer\/\",\"url\":\"https:\/\/astrodream.pl\/produkt\/traba-slonia-tapeta-na-komputer\/\",\"name\":\"Tr\u0105ba S\u0142onia tapeta na komputer - astrodream.pl\",\"isPartOf\":{\"@id\":\"https:\/\/astrodream.pl\/#website\"},\"primaryImageOfPage\":{\"@id\":\"https:\/\/astrodream.pl\/produkt\/traba-slonia-tapeta-na-komputer\/#primaryimage\"},\"image\":{\"@id\":\"https:\/\/astrodream.pl\/produkt\/traba-slonia-tapeta-na-komputer\/#primaryimage\"},\"thumbnailUrl\":\"https:\/\/astrodream.pl\/wp-content\/uploads\/2024\/10\/ElephantTrunk-Desktop.jpg\",\"datePublished\":\"2024-10-05T14:48:04+00:00\",\"dateModified\":\"2024-11-08T21:03:13+00:00\",\"description\":\"Tapeta na komputer z fotografi\u0105 g\u0142\u0119bokiego nieba przedstawiaj\u0105ca mg\u0142awic\u0119 o nazwie Tr\u0105ba S\u0142onia. Plik jpg do \u015bci\u0105gni\u0119cia o wymiarach 1911x 1920px\",\"breadcrumb\":{\"@id\":\"https:\/\/astrodream.pl\/produkt\/traba-slonia-tapeta-na-komputer\/#breadcrumb\"},\"inLanguage\":\"en-GB\",\"potentialAction\":[{\"@type\":\"ReadAction\",\"target\":[\"https:\/\/astrodream.pl\/produkt\/traba-slonia-tapeta-na-komputer\/\"]}]},{\"@type\":\"ImageObject\",\"inLanguage\":\"en-GB\",\"@id\":\"https:\/\/astrodream.pl\/produkt\/traba-slonia-tapeta-na-komputer\/#primaryimage\",\"url\":\"https:\/\/astrodream.pl\/wp-content\/uploads\/2024\/10\/ElephantTrunk-Desktop.jpg\",\"contentUrl\":\"https:\/\/astrodream.pl\/wp-content\/uploads\/2024\/10\/ElephantTrunk-Desktop.jpg\",\"width\":1911,\"height\":1920,\"caption\":\"Tapeta na komputer, fotografia \\\"Tr\u0105ba S\u0142onia\\\"\"},{\"@type\":\"BreadcrumbList\",\"@id\":\"https:\/\/astrodream.pl\/produkt\/traba-slonia-tapeta-na-komputer\/#breadcrumb\",\"itemListElement\":[{\"@type\":\"ListItem\",\"position\":1,\"name\":\"Strona g\u0142\u00f3wna\",\"item\":\"https:\/\/astrodream.pl\/\"},{\"@type\":\"ListItem\",\"position\":2,\"name\":\"Sklep\",\"item\":\"https:\/\/astrodream.pl\/sklep\/\"},{\"@type\":\"ListItem\",\"position\":3,\"name\":\"Tr\u0105ba S\u0142onia tapeta na komputer\"}]},{\"@type\":\"WebSite\",\"@id\":\"https:\/\/astrodream.pl\/#website\",\"url\":\"https:\/\/astrodream.pl\/\",\"name\":\"astrodream.pl\",\"description\":\"Astrofotografia, sklep z obrazami, wydrukami\",\"publisher\":{\"@id\":\"https:\/\/astrodream.pl\/#organization\"},\"potentialAction\":[{\"@type\":\"SearchAction\",\"target\":{\"@type\":\"EntryPoint\",\"urlTemplate\":\"https:\/\/astrodream.pl\/?s={search_term_string}\"},\"query-input\":{\"@type\":\"PropertyValueSpecification\",\"valueRequired\":true,\"valueName\":\"search_term_string\"}}],\"inLanguage\":\"en-GB\"},{\"@type\":\"Organization\",\"@id\":\"https:\/\/astrodream.pl\/#organization\",\"name\":\"Astrofotografia Marcin Rosadzi\u0144ski\",\"url\":\"https:\/\/astrodream.pl\/\",\"logo\":{\"@type\":\"ImageObject\",\"inLanguage\":\"en-GB\",\"@id\":\"https:\/\/astrodream.pl\/#\/schema\/logo\/image\/\",\"url\":\"https:\/\/astrodream.pl\/wp-content\/uploads\/2024\/07\/3-\u2014-kopia.png\",\"contentUrl\":\"https:\/\/astrodream.pl\/wp-content\/uploads\/2024\/07\/3-\u2014-kopia.png\",\"width\":700,\"height\":227,\"caption\":\"Astrofotografia Marcin Rosadzi\u0144ski\"},\"image\":{\"@id\":\"https:\/\/astrodream.pl\/#\/schema\/logo\/image\/\"}}]}<\/script>\n<!-- \/ Yoast SEO plugin. -->","yoast_head_json":{"title":"Tr\u0105ba S\u0142onia tapeta na komputer - astrodream.pl","description":"Tapeta na komputer z fotografi\u0105 g\u0142\u0119bokiego nieba przedstawiaj\u0105ca mg\u0142awic\u0119 o nazwie Tr\u0105ba S\u0142onia. Plik jpg do \u015bci\u0105gni\u0119cia o wymiarach 1911x 1920px","robots":{"index":"index","follow":"follow","max-snippet":"max-snippet:-1","max-image-preview":"max-image-preview:large","max-video-preview":"max-video-preview:-1"},"canonical":"https:\/\/astrodream.pl\/en\/product\/traba-slonia-tapeta-na-komputer\/","og_locale":"en_GB","og_type":"article","og_title":"Tr\u0105ba S\u0142onia tapeta na komputer - astrodream.pl","og_description":"Tapeta na komputer z fotografi\u0105 g\u0142\u0119bokiego nieba przedstawiaj\u0105ca mg\u0142awic\u0119 o nazwie Tr\u0105ba S\u0142onia. Plik jpg do \u015bci\u0105gni\u0119cia o wymiarach 1911x 1920px","og_url":"https:\/\/astrodream.pl\/en\/product\/traba-slonia-tapeta-na-komputer\/","og_site_name":"astrodream.pl","article_modified_time":"2024-11-08T21:03:13+00:00","og_image":[{"width":1911,"height":1920,"url":"https:\/\/astrodream.pl\/wp-content\/uploads\/2024\/10\/ElephantTrunk-Desktop.jpg","type":"image\/jpeg"}],"twitter_card":"summary_large_image","twitter_misc":{"Estimated reading time":"2 minutes"},"schema":{"@context":"https:\/\/schema.org","@graph":[{"@type":"WebPage","@id":"https:\/\/astrodream.pl\/produkt\/traba-slonia-tapeta-na-komputer\/","url":"https:\/\/astrodream.pl\/produkt\/traba-slonia-tapeta-na-komputer\/","name":"Tr\u0105ba S\u0142onia tapeta na komputer - astrodream.pl","isPartOf":{"@id":"https:\/\/astrodream.pl\/#website"},"primaryImageOfPage":{"@id":"https:\/\/astrodream.pl\/produkt\/traba-slonia-tapeta-na-komputer\/#primaryimage"},"image":{"@id":"https:\/\/astrodream.pl\/produkt\/traba-slonia-tapeta-na-komputer\/#primaryimage"},"thumbnailUrl":"https:\/\/astrodream.pl\/wp-content\/uploads\/2024\/10\/ElephantTrunk-Desktop.jpg","datePublished":"2024-10-05T14:48:04+00:00","dateModified":"2024-11-08T21:03:13+00:00","description":"Tapeta na komputer z fotografi\u0105 g\u0142\u0119bokiego nieba przedstawiaj\u0105ca mg\u0142awic\u0119 o nazwie Tr\u0105ba S\u0142onia. Plik jpg do \u015bci\u0105gni\u0119cia o wymiarach 1911x 1920px","breadcrumb":{"@id":"https:\/\/astrodream.pl\/produkt\/traba-slonia-tapeta-na-komputer\/#breadcrumb"},"inLanguage":"en-GB","potentialAction":[{"@type":"ReadAction","target":["https:\/\/astrodream.pl\/produkt\/traba-slonia-tapeta-na-komputer\/"]}]},{"@type":"ImageObject","inLanguage":"en-GB","@id":"https:\/\/astrodream.pl\/produkt\/traba-slonia-tapeta-na-komputer\/#primaryimage","url":"https:\/\/astrodream.pl\/wp-content\/uploads\/2024\/10\/ElephantTrunk-Desktop.jpg","contentUrl":"https:\/\/astrodream.pl\/wp-content\/uploads\/2024\/10\/ElephantTrunk-Desktop.jpg","width":1911,"height":1920,"caption":"Tapeta na komputer, fotografia \"Tr\u0105ba S\u0142onia\""},{"@type":"BreadcrumbList","@id":"https:\/\/astrodream.pl\/produkt\/traba-slonia-tapeta-na-komputer\/#breadcrumb","itemListElement":[{"@type":"ListItem","position":1,"name":"Strona g\u0142\u00f3wna","item":"https:\/\/astrodream.pl\/"},{"@type":"ListItem","position":2,"name":"Sklep","item":"https:\/\/astrodream.pl\/sklep\/"},{"@type":"ListItem","position":3,"name":"Tr\u0105ba S\u0142onia tapeta na komputer"}]},{"@type":"WebSite","@id":"https:\/\/astrodream.pl\/#website","url":"https:\/\/astrodream.pl\/","name":"astrodream.pl","description":"Astrofotografia, sklep z obrazami, wydrukami","publisher":{"@id":"https:\/\/astrodream.pl\/#organization"},"potentialAction":[{"@type":"SearchAction","target":{"@type":"EntryPoint","urlTemplate":"https:\/\/astrodream.pl\/?s={search_term_string}"},"query-input":{"@type":"PropertyValueSpecification","valueRequired":true,"valueName":"search_term_string"}}],"inLanguage":"en-GB"},{"@type":"Organization","@id":"https:\/\/astrodream.pl\/#organization","name":"Astrofotografia Marcin Rosadzi\u0144ski","url":"https:\/\/astrodream.pl\/","logo":{"@type":"ImageObject","inLanguage":"en-GB","@id":"https:\/\/astrodream.pl\/#\/schema\/logo\/image\/","url":"https:\/\/astrodream.pl\/wp-content\/uploads\/2024\/07\/3-\u2014-kopia.png","contentUrl":"https:\/\/astrodream.pl\/wp-content\/uploads\/2024\/07\/3-\u2014-kopia.png","width":700,"height":227,"caption":"Astrofotografia Marcin Rosadzi\u0144ski"},"image":{"@id":"https:\/\/astrodream.pl\/#\/schema\/logo\/image\/"}}]}},"uagb_featured_image_src":{"full":["https:\/\/astrodream.pl\/wp-content\/uploads\/2024\/10\/ElephantTrunk-Desktop.jpg",1911,1920,false],"thumbnail":["https:\/\/astrodream.pl\/wp-content\/uploads\/2024\/10\/ElephantTrunk-Desktop-150x150.jpg",150,150,true],"medium":["https:\/\/astrodream.pl\/wp-content\/uploads\/2024\/10\/ElephantTrunk-Desktop-300x300.jpg",300,300,true],"medium_large":["https:\/\/astrodream.pl\/wp-content\/uploads\/2024\/10\/ElephantTrunk-Desktop-768x772.jpg",768,772,true],"large":["https:\/\/astrodream.pl\/wp-content\/uploads\/2024\/10\/ElephantTrunk-Desktop-1019x1024.jpg",1019,1024,true],"1536x1536":["https:\/\/astrodream.pl\/wp-content\/uploads\/2024\/10\/ElephantTrunk-Desktop-1529x1536.jpg",1529,1536,true],"2048x2048":["https:\/\/astrodream.pl\/wp-content\/uploads\/2024\/10\/ElephantTrunk-Desktop.jpg",1911,1920,false],"trp-custom-language-flag":["https:\/\/astrodream.pl\/wp-content\/uploads\/2024\/10\/ElephantTrunk-Desktop-12x12.jpg",12,12,true],"woocommerce_thumbnail":["https:\/\/astrodream.pl\/wp-content\/uploads\/2024\/10\/ElephantTrunk-Desktop-300x300.jpg",300,300,true],"woocommerce_single":["https:\/\/astrodream.pl\/wp-content\/uploads\/2024\/10\/ElephantTrunk-Desktop-600x603.jpg",600,603,true],"woocommerce_gallery_thumbnail":["https:\/\/astrodream.pl\/wp-content\/uploads\/2024\/10\/ElephantTrunk-Desktop-100x100.jpg",100,100,true],"variation_swatches_image_size":["https:\/\/astrodream.pl\/wp-content\/uploads\/2024\/10\/ElephantTrunk-Desktop-50x50.jpg",50,50,true],"variation_swatches_tooltip_size":["https:\/\/astrodream.pl\/wp-content\/uploads\/2024\/10\/ElephantTrunk-Desktop-100x100.jpg",100,100,true]},"uagb_author_info":{"display_name":"admin","author_link":"https:\/\/astrodream.pl\/en\/author\/"},"uagb_comment_info":0,"uagb_excerpt":"Tr\u0105ba s\u0142onia Mg\u0142awica Tr\u0105ba S\u0142onia, znana r\u00f3wnie\u017c jako IC 1396A, jest ciemn\u0105 mg\u0142awic\u0105 znajduj\u0105c\u0105 si\u0119 w rozleg\u0142ym obszarze IC 1396, kt\u00f3ry z kolei jest du\u017c\u0105, dyfuzyjn\u0105 mg\u0142awic\u0105 emisyjn\u0105 w konstelacji Cefeusza.\u00a0 &nbsp;","_links":{"self":[{"href":"https:\/\/astrodream.pl\/en\/wp-json\/wp\/v2\/product\/2431","targetHints":{"allow":["GET"]}}],"collection":[{"href":"https:\/\/astrodream.pl\/en\/wp-json\/wp\/v2\/product"}],"about":[{"href":"https:\/\/astrodream.pl\/en\/wp-json\/wp\/v2\/types\/product"}],"replies":[{"embeddable":true,"href":"https:\/\/astrodream.pl\/en\/wp-json\/wp\/v2\/comments?post=2431"}],"wp:featuredmedia":[{"embeddable":true,"href":"https:\/\/astrodream.pl\/en\/wp-json\/wp\/v2\/media\/2430"}],"wp:attachment":[{"href":"https:\/\/astrodream.pl\/en\/wp-json\/wp\/v2\/media?parent=2431"}],"wp:term":[{"taxonomy":"product_brand","embeddable":true,"href":"https:\/\/astrodream.pl\/en\/wp-json\/wp\/v2\/product_brand?post=2431"},{"taxonomy":"product_cat","embeddable":true,"href":"https:\/\/astrodream.pl\/en\/wp-json\/wp\/v2\/product_cat?post=2431"},{"taxonomy":"product_tag","embeddable":true,"href":"https:\/\/astrodream.pl\/en\/wp-json\/wp\/v2\/product_tag?post=2431"}],"curies":[{"name":"wp","href":"https:\/\/api.w.org\/{rel}","templated":true}]}}