{"id":2465,"date":"2024-10-15T20:47:11","date_gmt":"2024-10-15T18:47:11","guid":{"rendered":"https:\/\/astrodream.pl\/?post_type=product&#038;p=2465"},"modified":"2025-06-06T21:12:59","modified_gmt":"2025-06-06T19:12:59","slug":"droga-mleczna-nad-tatrami-bielskimi-2","status":"publish","type":"product","link":"https:\/\/astrodream.pl\/en\/product\/droga-mleczna-nad-tatrami-bielskimi-2\/","title":{"rendered":"Milky Way over Tatra Mountain Wallpaper for Smartphone"},"content":{"rendered":"<div class=\"wp-block-uagb-container uagb-block-c03837ce alignfull uagb-is-root-container\"><div class=\"uagb-container-inner-blocks-wrap\">\n<div class=\"wp-block-uagb-advanced-heading uagb-block-cc7e62be\"><h2 class=\"uagb-heading-text\">Milky Way over Tatra Mountain Landscape - WallPaper for Desktop<\/h2><\/div>\n\n\n\n<p>This photo was taken in a beautiful place in the Polish Tatra Mountains which is one of the most beautiful view point in which I have photographed so far. It is in Jurg\u00f3w next to the polish-slovakia border.  Photo was taken in May 2024 and depicts rising Milky Way galaxy with very well seen colorful Rho Ophiuhi on the right site and, majestic red Zeta Ophiuhi nebula, just above Rho Ophiuhi.<\/p>\n\n\n\n<p><strong>ATTENTION:<\/strong> The photo looks beautiful on a smartphone wallpaper, but the resolution of the photo is not suitable for printing the photo.<\/p>\n<\/div><\/div>\n\n\n\n<div class=\"wp-block-uagb-container uagb-block-77797140 alignfull uagb-is-root-container\"><div class=\"uagb-container-inner-blocks-wrap\">\n<div class=\"wp-block-uagb-container uagb-block-87b0a97b\">\n<div class=\"wp-block-uagb-advanced-heading uagb-block-b3909a22\"><h3 class=\"uagb-heading-text\">Product Description:<\/h3><\/div>\n\n\n\n<p><br><strong><span style=\"color:#fbc270\">File:<\/span><\/strong> The product contains an electronic file in jpg format with the dimensions 961 x 1360px. After paying and downloading the file, you can place the photo on the screen of your smartphone.<\/p>\n\n\n\n<p>Picture looks perfect as a wallpaper on the smartphone but resolution of this picture is not enough to print it.<\/p>\n<\/div>\n\n\n\n<div class=\"wp-block-uagb-container uagb-block-7446f8b3\"><\/div>\n<\/div><\/div>","protected":false},"excerpt":{"rendered":"<h2 class=\"uagb-heading-text\">Milky Way over Tatra Mountain Wallpaper for Smartphone<\/h2>\n<p>This photo was taken in a beautiful place in the Polish Tatra Mountains which is one of the most beautiful view point in which I have photographed so far. It is in Jurg\u00f3w next to the polish-slovakia border.  Photo was taken in May 2024 and depicts rising Milky Way galaxy with very well seen colorful Rho Ophiuhi on the right site and, majestic red Zeta Ophiuhi nebula, just above Rho Ophiuhi. \u00a0<\/p>\n<p>&nbsp;<\/p>","protected":false},"featured_media":2441,"comment_status":"open","ping_status":"closed","template":"","meta":{"_eb_attr":"","_uag_custom_page_level_css":"","site-sidebar-layout":"default","site-content-layout":"","ast-site-content-layout":"default","site-content-style":"default","site-sidebar-style":"default","ast-global-header-display":"","ast-banner-title-visibility":"","ast-main-header-display":"","ast-hfb-above-header-display":"","ast-hfb-below-header-display":"","ast-hfb-mobile-header-display":"","site-post-title":"","ast-breadcrumbs-content":"","ast-featured-img":"","footer-sml-layout":"","theme-transparent-header-meta":"default","adv-header-id-meta":"","stick-header-meta":"","header-above-stick-meta":"","header-main-stick-meta":"","header-below-stick-meta":"","astra-migrate-meta-layouts":"set","ast-page-background-enabled":"default","ast-page-background-meta":{"desktop":{"background-color":"var(--ast-global-color-4)","background-image":"","background-repeat":"repeat","background-position":"center center","background-size":"auto","background-attachment":"scroll","background-type":"","background-media":"","overlay-type":"","overlay-color":"","overlay-opacity":"","overlay-gradient":""},"tablet":{"background-color":"","background-image":"","background-repeat":"repeat","background-position":"center center","background-size":"auto","background-attachment":"scroll","background-type":"","background-media":"","overlay-type":"","overlay-color":"","overlay-opacity":"","overlay-gradient":""},"mobile":{"background-color":"","background-image":"","background-repeat":"repeat","background-position":"center center","background-size":"auto","background-attachment":"scroll","background-type":"","background-media":"","overlay-type":"","overlay-color":"","overlay-opacity":"","overlay-gradient":""}},"ast-content-background-meta":{"desktop":{"background-color":"var(--ast-global-color-5)","background-image":"","background-repeat":"repeat","background-position":"center center","background-size":"auto","background-attachment":"scroll","background-type":"","background-media":"","overlay-type":"","overlay-color":"","overlay-opacity":"","overlay-gradient":""},"tablet":{"background-color":"var(--ast-global-color-5)","background-image":"","background-repeat":"repeat","background-position":"center center","background-size":"auto","background-attachment":"scroll","background-type":"","background-media":"","overlay-type":"","overlay-color":"","overlay-opacity":"","overlay-gradient":""},"mobile":{"background-color":"var(--ast-global-color-5)","background-image":"","background-repeat":"repeat","background-position":"center center","background-size":"auto","background-attachment":"scroll","background-type":"","background-media":"","overlay-type":"","overlay-color":"","overlay-opacity":"","overlay-gradient":""}}},"product_brand":[],"product_cat":[42],"product_tag":[29,40,27],"class_list":{"0":"post-2465","1":"product","2":"type-product","3":"status-publish","4":"has-post-thumbnail","6":"product_cat-tapeta-na-telefon","7":"product_tag-astrofotografia","8":"product_tag-tapeta-na-telefon","9":"product_tag-wydruki","10":"desktop-align-left","11":"tablet-align-left","12":"mobile-align-left","14":"first","15":"instock","16":"downloadable","17":"virtual","18":"purchasable","19":"product-type-simple"},"yoast_head":"<!-- This site is optimized with the Yoast SEO plugin v25.8 - https:\/\/yoast.com\/wordpress\/plugins\/seo\/ -->\n<title>Droga mleczna nad tatrami bielskimi Tapeta na telefon - astrodream.pl<\/title>\n<meta name=\"description\" content=\"Tapeta na telefon z fotografi\u0105 wykonan\u0105 w Polsce nad rzek\u0105 Bia\u0142ka o nazwie Droga Mleczna nad Tatrami Bielskimi. Plik jpg do pobrania.\" \/>\n<meta name=\"robots\" content=\"index, follow, max-snippet:-1, max-image-preview:large, max-video-preview:-1\" \/>\n<link rel=\"canonical\" href=\"https:\/\/astrodream.pl\/en\/product\/droga-mleczna-nad-tatrami-bielskimi-2\/\" \/>\n<meta property=\"og:locale\" content=\"en_GB\" \/>\n<meta property=\"og:type\" content=\"article\" \/>\n<meta property=\"og:title\" content=\"Droga mleczna nad tatrami bielskimi Tapeta na telefon - astrodream.pl\" \/>\n<meta property=\"og:description\" content=\"Tapeta na telefon z fotografi\u0105 wykonan\u0105 w Polsce nad rzek\u0105 Bia\u0142ka o nazwie Droga Mleczna nad Tatrami Bielskimi. Plik jpg do pobrania.\" \/>\n<meta property=\"og:url\" content=\"https:\/\/astrodream.pl\/en\/product\/droga-mleczna-nad-tatrami-bielskimi-2\/\" \/>\n<meta property=\"og:site_name\" content=\"astrodream.pl\" \/>\n<meta property=\"article:modified_time\" content=\"2025-06-06T19:12:59+00:00\" \/>\n<meta property=\"og:image\" content=\"https:\/\/astrodream.pl\/wp-content\/uploads\/2024\/10\/Milky-Way-over-Tatra-Mountain-Landscape-Smartfone.jpg\" \/>\n\t<meta property=\"og:image:width\" content=\"970\" \/>\n\t<meta property=\"og:image:height\" content=\"1360\" \/>\n\t<meta property=\"og:image:type\" content=\"image\/jpeg\" \/>\n<meta name=\"twitter:card\" content=\"summary_large_image\" \/>\n<meta name=\"twitter:label1\" content=\"Estimated reading time\" \/>\n\t<meta name=\"twitter:data1\" content=\"1 minute\" \/>\n<script type=\"application\/ld+json\" class=\"yoast-schema-graph\">{\"@context\":\"https:\/\/schema.org\",\"@graph\":[{\"@type\":\"WebPage\",\"@id\":\"https:\/\/astrodream.pl\/produkt\/droga-mleczna-nad-tatrami-bielskimi-2\/\",\"url\":\"https:\/\/astrodream.pl\/produkt\/droga-mleczna-nad-tatrami-bielskimi-2\/\",\"name\":\"Droga mleczna nad tatrami bielskimi Tapeta na telefon - astrodream.pl\",\"isPartOf\":{\"@id\":\"https:\/\/astrodream.pl\/#website\"},\"primaryImageOfPage\":{\"@id\":\"https:\/\/astrodream.pl\/produkt\/droga-mleczna-nad-tatrami-bielskimi-2\/#primaryimage\"},\"image\":{\"@id\":\"https:\/\/astrodream.pl\/produkt\/droga-mleczna-nad-tatrami-bielskimi-2\/#primaryimage\"},\"thumbnailUrl\":\"https:\/\/astrodream.pl\/wp-content\/uploads\/2024\/10\/Milky-Way-over-Tatra-Mountain-Landscape-Smartfone.jpg\",\"datePublished\":\"2024-10-15T18:47:11+00:00\",\"dateModified\":\"2025-06-06T19:12:59+00:00\",\"description\":\"Tapeta na telefon z fotografi\u0105 wykonan\u0105 w Polsce nad rzek\u0105 Bia\u0142ka o nazwie Droga Mleczna nad Tatrami Bielskimi. Plik jpg do pobrania.\",\"breadcrumb\":{\"@id\":\"https:\/\/astrodream.pl\/produkt\/droga-mleczna-nad-tatrami-bielskimi-2\/#breadcrumb\"},\"inLanguage\":\"en-GB\",\"potentialAction\":[{\"@type\":\"ReadAction\",\"target\":[\"https:\/\/astrodream.pl\/produkt\/droga-mleczna-nad-tatrami-bielskimi-2\/\"]}]},{\"@type\":\"ImageObject\",\"inLanguage\":\"en-GB\",\"@id\":\"https:\/\/astrodream.pl\/produkt\/droga-mleczna-nad-tatrami-bielskimi-2\/#primaryimage\",\"url\":\"https:\/\/astrodream.pl\/wp-content\/uploads\/2024\/10\/Milky-Way-over-Tatra-Mountain-Landscape-Smartfone.jpg\",\"contentUrl\":\"https:\/\/astrodream.pl\/wp-content\/uploads\/2024\/10\/Milky-Way-over-Tatra-Mountain-Landscape-Smartfone.jpg\",\"width\":970,\"height\":1360,\"caption\":\"Tapeta na telefon, fotografia \\\"Droga mleczna nad Tatrami\\\"\"},{\"@type\":\"BreadcrumbList\",\"@id\":\"https:\/\/astrodream.pl\/produkt\/droga-mleczna-nad-tatrami-bielskimi-2\/#breadcrumb\",\"itemListElement\":[{\"@type\":\"ListItem\",\"position\":1,\"name\":\"Strona g\u0142\u00f3wna\",\"item\":\"https:\/\/astrodream.pl\/\"},{\"@type\":\"ListItem\",\"position\":2,\"name\":\"Sklep\",\"item\":\"https:\/\/astrodream.pl\/sklep\/\"},{\"@type\":\"ListItem\",\"position\":3,\"name\":\"Droga mleczna nad tatrami bielskimi Tapeta na telefon\"}]},{\"@type\":\"WebSite\",\"@id\":\"https:\/\/astrodream.pl\/#website\",\"url\":\"https:\/\/astrodream.pl\/\",\"name\":\"astrodream.pl\",\"description\":\"Astrofotografia, sklep z obrazami, wydrukami\",\"publisher\":{\"@id\":\"https:\/\/astrodream.pl\/#organization\"},\"potentialAction\":[{\"@type\":\"SearchAction\",\"target\":{\"@type\":\"EntryPoint\",\"urlTemplate\":\"https:\/\/astrodream.pl\/?s={search_term_string}\"},\"query-input\":{\"@type\":\"PropertyValueSpecification\",\"valueRequired\":true,\"valueName\":\"search_term_string\"}}],\"inLanguage\":\"en-GB\"},{\"@type\":\"Organization\",\"@id\":\"https:\/\/astrodream.pl\/#organization\",\"name\":\"Astrofotografia Marcin Rosadzi\u0144ski\",\"url\":\"https:\/\/astrodream.pl\/\",\"logo\":{\"@type\":\"ImageObject\",\"inLanguage\":\"en-GB\",\"@id\":\"https:\/\/astrodream.pl\/#\/schema\/logo\/image\/\",\"url\":\"https:\/\/astrodream.pl\/wp-content\/uploads\/2024\/07\/3-\u2014-kopia.png\",\"contentUrl\":\"https:\/\/astrodream.pl\/wp-content\/uploads\/2024\/07\/3-\u2014-kopia.png\",\"width\":700,\"height\":227,\"caption\":\"Astrofotografia Marcin Rosadzi\u0144ski\"},\"image\":{\"@id\":\"https:\/\/astrodream.pl\/#\/schema\/logo\/image\/\"}}]}<\/script>\n<!-- \/ Yoast SEO plugin. -->","yoast_head_json":{"title":"Droga mleczna nad tatrami bielskimi Tapeta na telefon - astrodream.pl","description":"Tapeta na telefon z fotografi\u0105 wykonan\u0105 w Polsce nad rzek\u0105 Bia\u0142ka o nazwie Droga Mleczna nad Tatrami Bielskimi. Plik jpg do pobrania.","robots":{"index":"index","follow":"follow","max-snippet":"max-snippet:-1","max-image-preview":"max-image-preview:large","max-video-preview":"max-video-preview:-1"},"canonical":"https:\/\/astrodream.pl\/en\/product\/droga-mleczna-nad-tatrami-bielskimi-2\/","og_locale":"en_GB","og_type":"article","og_title":"Droga mleczna nad tatrami bielskimi Tapeta na telefon - astrodream.pl","og_description":"Tapeta na telefon z fotografi\u0105 wykonan\u0105 w Polsce nad rzek\u0105 Bia\u0142ka o nazwie Droga Mleczna nad Tatrami Bielskimi. Plik jpg do pobrania.","og_url":"https:\/\/astrodream.pl\/en\/product\/droga-mleczna-nad-tatrami-bielskimi-2\/","og_site_name":"astrodream.pl","article_modified_time":"2025-06-06T19:12:59+00:00","og_image":[{"width":970,"height":1360,"url":"https:\/\/astrodream.pl\/wp-content\/uploads\/2024\/10\/Milky-Way-over-Tatra-Mountain-Landscape-Smartfone.jpg","type":"image\/jpeg"}],"twitter_card":"summary_large_image","twitter_misc":{"Estimated reading time":"1 minute"},"schema":{"@context":"https:\/\/schema.org","@graph":[{"@type":"WebPage","@id":"https:\/\/astrodream.pl\/produkt\/droga-mleczna-nad-tatrami-bielskimi-2\/","url":"https:\/\/astrodream.pl\/produkt\/droga-mleczna-nad-tatrami-bielskimi-2\/","name":"Droga mleczna nad tatrami bielskimi Tapeta na telefon - astrodream.pl","isPartOf":{"@id":"https:\/\/astrodream.pl\/#website"},"primaryImageOfPage":{"@id":"https:\/\/astrodream.pl\/produkt\/droga-mleczna-nad-tatrami-bielskimi-2\/#primaryimage"},"image":{"@id":"https:\/\/astrodream.pl\/produkt\/droga-mleczna-nad-tatrami-bielskimi-2\/#primaryimage"},"thumbnailUrl":"https:\/\/astrodream.pl\/wp-content\/uploads\/2024\/10\/Milky-Way-over-Tatra-Mountain-Landscape-Smartfone.jpg","datePublished":"2024-10-15T18:47:11+00:00","dateModified":"2025-06-06T19:12:59+00:00","description":"Tapeta na telefon z fotografi\u0105 wykonan\u0105 w Polsce nad rzek\u0105 Bia\u0142ka o nazwie Droga Mleczna nad Tatrami Bielskimi. Plik jpg do pobrania.","breadcrumb":{"@id":"https:\/\/astrodream.pl\/produkt\/droga-mleczna-nad-tatrami-bielskimi-2\/#breadcrumb"},"inLanguage":"en-GB","potentialAction":[{"@type":"ReadAction","target":["https:\/\/astrodream.pl\/produkt\/droga-mleczna-nad-tatrami-bielskimi-2\/"]}]},{"@type":"ImageObject","inLanguage":"en-GB","@id":"https:\/\/astrodream.pl\/produkt\/droga-mleczna-nad-tatrami-bielskimi-2\/#primaryimage","url":"https:\/\/astrodream.pl\/wp-content\/uploads\/2024\/10\/Milky-Way-over-Tatra-Mountain-Landscape-Smartfone.jpg","contentUrl":"https:\/\/astrodream.pl\/wp-content\/uploads\/2024\/10\/Milky-Way-over-Tatra-Mountain-Landscape-Smartfone.jpg","width":970,"height":1360,"caption":"Tapeta na telefon, fotografia \"Droga mleczna nad Tatrami\""},{"@type":"BreadcrumbList","@id":"https:\/\/astrodream.pl\/produkt\/droga-mleczna-nad-tatrami-bielskimi-2\/#breadcrumb","itemListElement":[{"@type":"ListItem","position":1,"name":"Strona g\u0142\u00f3wna","item":"https:\/\/astrodream.pl\/"},{"@type":"ListItem","position":2,"name":"Sklep","item":"https:\/\/astrodream.pl\/sklep\/"},{"@type":"ListItem","position":3,"name":"Droga mleczna nad tatrami bielskimi Tapeta na telefon"}]},{"@type":"WebSite","@id":"https:\/\/astrodream.pl\/#website","url":"https:\/\/astrodream.pl\/","name":"astrodream.pl","description":"Astrofotografia, sklep z obrazami, wydrukami","publisher":{"@id":"https:\/\/astrodream.pl\/#organization"},"potentialAction":[{"@type":"SearchAction","target":{"@type":"EntryPoint","urlTemplate":"https:\/\/astrodream.pl\/?s={search_term_string}"},"query-input":{"@type":"PropertyValueSpecification","valueRequired":true,"valueName":"search_term_string"}}],"inLanguage":"en-GB"},{"@type":"Organization","@id":"https:\/\/astrodream.pl\/#organization","name":"Astrofotografia Marcin Rosadzi\u0144ski","url":"https:\/\/astrodream.pl\/","logo":{"@type":"ImageObject","inLanguage":"en-GB","@id":"https:\/\/astrodream.pl\/#\/schema\/logo\/image\/","url":"https:\/\/astrodream.pl\/wp-content\/uploads\/2024\/07\/3-\u2014-kopia.png","contentUrl":"https:\/\/astrodream.pl\/wp-content\/uploads\/2024\/07\/3-\u2014-kopia.png","width":700,"height":227,"caption":"Astrofotografia Marcin Rosadzi\u0144ski"},"image":{"@id":"https:\/\/astrodream.pl\/#\/schema\/logo\/image\/"}}]}},"uagb_featured_image_src":{"full":["https:\/\/astrodream.pl\/wp-content\/uploads\/2024\/10\/Milky-Way-over-Tatra-Mountain-Landscape-Smartfone.jpg",970,1360,false],"thumbnail":["https:\/\/astrodream.pl\/wp-content\/uploads\/2024\/10\/Milky-Way-over-Tatra-Mountain-Landscape-Smartfone-150x150.jpg",150,150,true],"medium":["https:\/\/astrodream.pl\/wp-content\/uploads\/2024\/10\/Milky-Way-over-Tatra-Mountain-Landscape-Smartfone-214x300.jpg",214,300,true],"medium_large":["https:\/\/astrodream.pl\/wp-content\/uploads\/2024\/10\/Milky-Way-over-Tatra-Mountain-Landscape-Smartfone-768x1077.jpg",768,1077,true],"large":["https:\/\/astrodream.pl\/wp-content\/uploads\/2024\/10\/Milky-Way-over-Tatra-Mountain-Landscape-Smartfone-730x1024.jpg",730,1024,true],"1536x1536":["https:\/\/astrodream.pl\/wp-content\/uploads\/2024\/10\/Milky-Way-over-Tatra-Mountain-Landscape-Smartfone.jpg",970,1360,false],"2048x2048":["https:\/\/astrodream.pl\/wp-content\/uploads\/2024\/10\/Milky-Way-over-Tatra-Mountain-Landscape-Smartfone.jpg",970,1360,false],"trp-custom-language-flag":["https:\/\/astrodream.pl\/wp-content\/uploads\/2024\/10\/Milky-Way-over-Tatra-Mountain-Landscape-Smartfone-9x12.jpg",9,12,true],"woocommerce_thumbnail":["https:\/\/astrodream.pl\/wp-content\/uploads\/2024\/10\/Milky-Way-over-Tatra-Mountain-Landscape-Smartfone-300x300.jpg",300,300,true],"woocommerce_single":["https:\/\/astrodream.pl\/wp-content\/uploads\/2024\/10\/Milky-Way-over-Tatra-Mountain-Landscape-Smartfone-600x841.jpg",600,841,true],"woocommerce_gallery_thumbnail":["https:\/\/astrodream.pl\/wp-content\/uploads\/2024\/10\/Milky-Way-over-Tatra-Mountain-Landscape-Smartfone-100x100.jpg",100,100,true],"variation_swatches_image_size":["https:\/\/astrodream.pl\/wp-content\/uploads\/2024\/10\/Milky-Way-over-Tatra-Mountain-Landscape-Smartfone-50x50.jpg",50,50,true],"variation_swatches_tooltip_size":["https:\/\/astrodream.pl\/wp-content\/uploads\/2024\/10\/Milky-Way-over-Tatra-Mountain-Landscape-Smartfone-100x100.jpg",100,100,true]},"uagb_author_info":{"display_name":"admin","author_link":"https:\/\/astrodream.pl\/en\/author\/"},"uagb_comment_info":1,"uagb_excerpt":"Droga Mleczna nad Tatrami Bielskimi Tapeta na Telefon To zdj\u0119cie zosta\u0142o zrobione w pi\u0119knym miejscu w polskich Tatrach, kt\u00f3re jest jednym z najpi\u0119kniejszych punkt\u00f3w widokowych, w jakich do tej pory fotografowa\u0142em. Znajduje si\u0119 w Jurgowie przy granicy polsko-s\u0142owackiej. Zdj\u0119cie zosta\u0142o zrobione w maju 2024 roku i przedstawia wschodz\u0105c\u0105 galaktyk\u0119 Drogi Mlecznej z bardzo dobrze widoczn\u0105&hellip;","_links":{"self":[{"href":"https:\/\/astrodream.pl\/en\/wp-json\/wp\/v2\/product\/2465","targetHints":{"allow":["GET"]}}],"collection":[{"href":"https:\/\/astrodream.pl\/en\/wp-json\/wp\/v2\/product"}],"about":[{"href":"https:\/\/astrodream.pl\/en\/wp-json\/wp\/v2\/types\/product"}],"replies":[{"embeddable":true,"href":"https:\/\/astrodream.pl\/en\/wp-json\/wp\/v2\/comments?post=2465"}],"wp:featuredmedia":[{"embeddable":true,"href":"https:\/\/astrodream.pl\/en\/wp-json\/wp\/v2\/media\/2441"}],"wp:attachment":[{"href":"https:\/\/astrodream.pl\/en\/wp-json\/wp\/v2\/media?parent=2465"}],"wp:term":[{"taxonomy":"product_brand","embeddable":true,"href":"https:\/\/astrodream.pl\/en\/wp-json\/wp\/v2\/product_brand?post=2465"},{"taxonomy":"product_cat","embeddable":true,"href":"https:\/\/astrodream.pl\/en\/wp-json\/wp\/v2\/product_cat?post=2465"},{"taxonomy":"product_tag","embeddable":true,"href":"https:\/\/astrodream.pl\/en\/wp-json\/wp\/v2\/product_tag?post=2465"}],"curies":[{"name":"wp","href":"https:\/\/api.w.org\/{rel}","templated":true}]}}