{"id":2694,"date":"2025-01-20T22:26:26","date_gmt":"2025-01-20T21:26:26","guid":{"rendered":"https:\/\/astrodream.pl\/?post_type=product&#038;p=2694"},"modified":"2026-02-26T21:18:05","modified_gmt":"2026-02-26T20:18:05","slug":"siedem-siostr-m45","status":"publish","type":"product","link":"https:\/\/astrodream.pl\/en\/product\/siedem-siostr-m45\/","title":{"rendered":"Seven Sisters - M45"},"content":{"rendered":"<div class=\"wp-block-uagb-container uagb-block-c03837ce alignfull uagb-is-root-container\"><div class=\"uagb-container-inner-blocks-wrap\">\n<div class=\"wp-block-uagb-advanced-heading uagb-block-cc7e62be\"><h2 class=\"uagb-heading-text\">Seven Sisters - M45<\/h2><\/div>\n\n\n\n<p>The photo shows one of the most popular and most frequently photographed objects of the night sky, namely M45 (commonly called the Pleiades or Seven Sisters), which is located in the constellation of Taurus. The Pleiades is an open cluster surrounded by a blue reflection nebula that is approximately 444 light years away from the earth. I took the photo under the darkest sky in Poland, i.e. in the Bieszczady Mountains in 2024. <br><\/p>\n\n\n\n<p class=\"translation-block\">The product visualizations presented are for illustrative and auxiliary purposes and may differ from the physical products.<\/p>\n<\/div><\/div>\n\n\n\n<div class=\"wp-block-uagb-container uagb-block-77797140 alignfull uagb-is-root-container\"><div class=\"uagb-container-inner-blocks-wrap\">\n<div class=\"wp-block-uagb-container uagb-block-87b0a97b\">\n<div class=\"wp-block-uagb-advanced-heading uagb-block-b3909a22\"><h3 class=\"uagb-heading-text\">Print descriptons per carrier<\/h3><\/div>\n\n\n\n<p class=\"translation-block\"><br><strong><span style=\"color:#fbc270\">Poster:<\/span><\/strong> Highest quality print on 230 gr PRIME ART matte photographic paper. Specially designed for printing photos with rich colors and details. Fade resistant and very durable. Shipped as a rolled paper sheet, packed and secured in a hard cardboard tube. Needs framing. Sold without a frame. Ready to be framed.<\/p>\n\n\n\n<p class=\"translation-block\"><br><strong><span style=\"color:#fbc270\">Framed print:<\/span><\/strong> Highest quality print on 230 gr PRIME ART matte photographic paper. Specially designed for printing photos with rich colors and details. Fade resistant and very durable. Supplied in frames. Black, wooden frames, 3 cm wide. Ready to hang on the wall. Screws are not included.<\/p>\n\n\n\n<p class=\"translation-block\"><br><strong><span style=\"color:#fbc270\">Acrylic glass: <\/span><\/strong>A premium product characterized by high sharpness and color saturation. Acrylic glass adds shine and depth, allowing you to achieve a 3D effect. It is very durable, resistant to moisture, impacts and UV radiation, which makes it ideal for exposure in various conditions, both indoors and outdoors. The glass is 4mm thick. The product is ready to hang on the wall, in an aluminum frame. Screws are not included.<\/p>\n\n\n\n<p><br><strong><span style=\"color:#fbc270\">PCV Board<\/span><\/strong> High-quality matte print on a PVC board delivers outstanding image clarity with sharp details and vibrant colors. The non-reflective surface prevents glare, making it a perfect wall decoration for homes, offices, or other interior spaces. The board is highly durable and resistant to moisture, UV radiation, and mechanical damage, ensuring long-lasting indoor display. The set includes 4 mounting hooks (2 standard + 2 spare). The hooks are pressed directly into the PVC board for easy installation. Additionally, the package contains 4 double-sided adhesive pads as an alternative mounting option that requires no drilling. Screws are not included.<\/p>\n<\/div>\n\n\n\n<div class=\"wp-block-uagb-container uagb-block-7446f8b3\">\n<div class=\"wp-block-essential-blocks-accordion  root-eb-accordion-nf76p\"><div class=\"eb-parent-wrapper eb-parent-eb-accordion-nf76p\"><div class=\"eb-accordion-container eb-accordion-nf76p\" data-accordion-type=\"accordion\" data-tab-icon=\"fas fa-angle-right\" data-expanded-icon=\"fas fa-angle-down\" data-transition-duration=\"500\"><div class=\"eb-accordion-inner\">\n<div class=\"wp-block-essential-blocks-accordion-item eb-accordion-item-voaet eb-accordion-wrapper\" data-clickable=\"false\"><div class=\"eb-accordion-title-wrapper eb-accordion-title-wrapper-eb-accordion-nf76p\" tabindex=\"0\"><span class=\"eb-accordion-icon-wrapper eb-accordion-icon-wrapper-eb-accordion-nf76p\"><span class=\"fas fa-angle-right eb-accordion-icon\"><\/span><\/span><div class=\"eb-accordion-title-content-wrap title-content-eb-accordion-nf76p\"><h3 class=\"eb-accordion-title\">What's included in the set<\/h3><\/div><\/div><div class=\"eb-accordion-content-wrapper eb-accordion-content-wrapper-eb-accordion-nf76p\"><div class=\"eb-accordion-content\">\n<p class=\"has-text-color has-link-color wp-elements-35458560ea4001c8d28e59a682b471db\" style=\"color:#fbc270\"><strong>Poster<\/strong><\/p>\n\n\n\n<p class=\"has-ast-global-color-2-color has-text-color has-link-color wp-elements-e948e469bc280901dcab5899b3a8dc28\">Your poster<br>Instructions for assembling a poster in frames<\/p>\n\n\n\n<p class=\"has-text-color has-link-color wp-elements-a8a2ae6638176e89a5cbb98770b7a5e5\" style=\"color:#fbc270\"><strong>Framed Print<\/strong><\/p>\n\n\n\n<p class=\"has-ast-global-color-2-color has-text-color has-link-color wp-elements-285b65255718d9f79c5e44a1aa3acc2c\">Your print mounted in black wooden frames<\/p>\n\n\n\n<p class=\"has-text-color has-link-color wp-elements-7d04ff35c31c238c7be659f9aceedf12\" style=\"color:#fbc270\"><strong>Acrylic glass<\/strong><\/p>\n\n\n\n<p class=\"has-ast-global-color-2-color has-text-color has-link-color wp-elements-86b833538da721be6e276fccf860a19a\">Your glass print in aluminum frames<\/p>\n\n\n\n<p class=\"has-text-color has-link-color wp-elements-9b9feb9f8ad36e30b4f2ed4ad53abadc\" style=\"color:#fbc270\"><strong>Polyvinyl chloride<\/strong><\/p>\n\n\n\n<p class=\"has-ast-global-color-2-color has-text-color has-link-color wp-elements-ceda13015097b5253a2b684973b3df73\">Your image printed on a PCV board with two types of mounting brackets for wall installation<\/p>\n<\/div><\/div><\/div>\n<\/div><\/div><\/div><\/div>\n<\/div>\n<\/div><\/div>\n\n\n\n<div class=\"wp-block-uagb-container uagb-block-1850bd64 alignfull uagb-is-root-container\"><div class=\"uagb-container-inner-blocks-wrap\">\n<div class=\"wp-block-uagb-advanced-heading uagb-block-0dad2812\"><h3 class=\"uagb-heading-text\">Description for the print type:<\/h3><\/div>\n\n\n\n<p class=\"translation-block\"><br><strong><span style=\"color:#fbc270\">Passe-partout:<\/span><\/strong>(the photo contains a white frame on the printout around the photo). White frame has a following width:<\/p>\n\n\n\n<p>4cm when printing 70\u00d7100 cm<br>4cm when printing  70\u00d770 cm<br>3cm when printing 50\u00d770 cm<br>3cm when printing 50\u00d750 cm<br>2cm when printing 40\u00d750 cm<\/p>\n\n\n\n<p class=\"translation-block\"><br><strong><span style=\"color:#fbc270\">Full print <\/span><\/strong>(without white frame around the photo).<\/p>\n\n\n\n<p><\/p>\n\n\n\n<div class=\"wp-block-uagb-advanced-heading uagb-block-0fc9140c\"><h4 class=\"uagb-heading-text\">Quality Guarantee:<\/h4><\/div>\n\n\n\n<p>\u2022 Top quality print always checked by human.<br>\u2022 Worldwide insured shipping.<br>\u2022 Each print is handcrafted for each specific order.<br>\u2022 Free replacement in case of damages in shipping.<br>\u2022 Every purchase support an artist.<\/p>\n<\/div><\/div>","protected":false},"excerpt":{"rendered":"<h2 class=\"uagb-heading-text\">Seven Sisters - M45<\/h2>\n<p>The photo shows one of the most popular and most frequently photographed objects of the night sky, namely M45 (commonly called the Pleiades or Seven Sisters), which is located in the constellation of Taurus. The Pleiades is an open cluster surrounded by a blue reflection nebula that is approximately 444 light years away from the earth. I took the photo under the darkest sky in Poland, i.e. in the Bieszczady Mountains in 2024. <\/p>\n<p>&nbsp;<\/p>","protected":false},"featured_media":3192,"comment_status":"open","ping_status":"closed","template":"","meta":{"_eb_attr":"","_uag_custom_page_level_css":"","site-sidebar-layout":"default","site-content-layout":"","ast-site-content-layout":"default","site-content-style":"default","site-sidebar-style":"default","ast-global-header-display":"","ast-banner-title-visibility":"","ast-main-header-display":"","ast-hfb-above-header-display":"","ast-hfb-below-header-display":"","ast-hfb-mobile-header-display":"","site-post-title":"","ast-breadcrumbs-content":"","ast-featured-img":"","footer-sml-layout":"","theme-transparent-header-meta":"default","adv-header-id-meta":"","stick-header-meta":"","header-above-stick-meta":"","header-main-stick-meta":"","header-below-stick-meta":"","astra-migrate-meta-layouts":"set","ast-page-background-enabled":"default","ast-page-background-meta":{"desktop":{"background-color":"var(--ast-global-color-4)","background-image":"","background-repeat":"repeat","background-position":"center center","background-size":"auto","background-attachment":"scroll","background-type":"","background-media":"","overlay-type":"","overlay-color":"","overlay-opacity":"","overlay-gradient":""},"tablet":{"background-color":"","background-image":"","background-repeat":"repeat","background-position":"center center","background-size":"auto","background-attachment":"scroll","background-type":"","background-media":"","overlay-type":"","overlay-color":"","overlay-opacity":"","overlay-gradient":""},"mobile":{"background-color":"","background-image":"","background-repeat":"repeat","background-position":"center center","background-size":"auto","background-attachment":"scroll","background-type":"","background-media":"","overlay-type":"","overlay-color":"","overlay-opacity":"","overlay-gradient":""}},"ast-content-background-meta":{"desktop":{"background-color":"var(--ast-global-color-5)","background-image":"","background-repeat":"repeat","background-position":"center center","background-size":"auto","background-attachment":"scroll","background-type":"","background-media":"","overlay-type":"","overlay-color":"","overlay-opacity":"","overlay-gradient":""},"tablet":{"background-color":"var(--ast-global-color-5)","background-image":"","background-repeat":"repeat","background-position":"center center","background-size":"auto","background-attachment":"scroll","background-type":"","background-media":"","overlay-type":"","overlay-color":"","overlay-opacity":"","overlay-gradient":""},"mobile":{"background-color":"var(--ast-global-color-5)","background-image":"","background-repeat":"repeat","background-position":"center center","background-size":"auto","background-attachment":"scroll","background-type":"","background-media":"","overlay-type":"","overlay-color":"","overlay-opacity":"","overlay-gradient":""}}},"product_brand":[],"product_cat":[21],"product_tag":[29,28,27],"class_list":{"0":"post-2694","1":"product","2":"type-product","3":"status-publish","4":"has-post-thumbnail","6":"product_cat-wydruki","7":"product_tag-astrofotografia","8":"product_tag-plakaty","9":"product_tag-wydruki","10":"product_shipping_class-duze-rozmiary","11":"desktop-align-left","12":"tablet-align-left","13":"mobile-align-left","15":"first","16":"instock","17":"shipping-taxable","18":"purchasable","19":"product-type-variable","20":"has-default-attributes"},"yoast_head":"<!-- This site is optimized with the Yoast SEO plugin v25.8 - https:\/\/yoast.com\/wordpress\/plugins\/seo\/ -->\n<title>Siedem si\u00f3str - M45 - astrodream.pl<\/title>\n<meta name=\"description\" content=\"Obraz z pi\u0119kn\u0105 fotografi\u0105 Siedem Si\u00f3str - M45. Mo\u017cliwe wydruki w formie obrazu, plakatu lub na p\u0142ycie PCV albo szkle akrylowym.\" \/>\n<meta name=\"robots\" content=\"index, follow, max-snippet:-1, max-image-preview:large, max-video-preview:-1\" \/>\n<link rel=\"canonical\" href=\"https:\/\/astrodream.pl\/en\/product\/siedem-siostr-m45\/\" \/>\n<meta property=\"og:locale\" content=\"en_GB\" \/>\n<meta property=\"og:type\" content=\"article\" \/>\n<meta property=\"og:title\" content=\"Siedem si\u00f3str - M45 - astrodream.pl\" \/>\n<meta property=\"og:description\" content=\"Obraz z pi\u0119kn\u0105 fotografi\u0105 Siedem Si\u00f3str - M45. Mo\u017cliwe wydruki w formie obrazu, plakatu lub na p\u0142ycie PCV albo szkle akrylowym.\" \/>\n<meta property=\"og:url\" content=\"https:\/\/astrodream.pl\/en\/product\/siedem-siostr-m45\/\" \/>\n<meta property=\"og:site_name\" content=\"astrodream.pl\" \/>\n<meta property=\"article:modified_time\" content=\"2026-02-26T20:18:05+00:00\" \/>\n<meta property=\"og:image\" content=\"https:\/\/astrodream.pl\/wp-content\/uploads\/2025\/01\/Siedem-Siostr-zmniejszone-poprawione.jpg\" \/>\n\t<meta property=\"og:image:width\" content=\"1401\" \/>\n\t<meta property=\"og:image:height\" content=\"2000\" \/>\n\t<meta property=\"og:image:type\" content=\"image\/jpeg\" \/>\n<meta name=\"twitter:card\" content=\"summary_large_image\" \/>\n<meta name=\"twitter:label1\" content=\"Estimated reading time\" \/>\n\t<meta name=\"twitter:data1\" content=\"4 minutes\" \/>\n<script type=\"application\/ld+json\" class=\"yoast-schema-graph\">{\"@context\":\"https:\/\/schema.org\",\"@graph\":[{\"@type\":\"WebPage\",\"@id\":\"https:\/\/astrodream.pl\/produkt\/siedem-siostr-m45\/\",\"url\":\"https:\/\/astrodream.pl\/produkt\/siedem-siostr-m45\/\",\"name\":\"Siedem si\u00f3str - M45 - astrodream.pl\",\"isPartOf\":{\"@id\":\"https:\/\/astrodream.pl\/#website\"},\"primaryImageOfPage\":{\"@id\":\"https:\/\/astrodream.pl\/produkt\/siedem-siostr-m45\/#primaryimage\"},\"image\":{\"@id\":\"https:\/\/astrodream.pl\/produkt\/siedem-siostr-m45\/#primaryimage\"},\"thumbnailUrl\":\"https:\/\/astrodream.pl\/wp-content\/uploads\/2025\/01\/Siedem-Siostr-zmniejszone-poprawione.jpg\",\"datePublished\":\"2025-01-20T21:26:26+00:00\",\"dateModified\":\"2026-02-26T20:18:05+00:00\",\"description\":\"Obraz z pi\u0119kn\u0105 fotografi\u0105 Siedem Si\u00f3str - M45. Mo\u017cliwe wydruki w formie obrazu, plakatu lub na p\u0142ycie PCV albo szkle akrylowym.\",\"breadcrumb\":{\"@id\":\"https:\/\/astrodream.pl\/produkt\/siedem-siostr-m45\/#breadcrumb\"},\"inLanguage\":\"en-GB\",\"potentialAction\":[{\"@type\":\"ReadAction\",\"target\":[\"https:\/\/astrodream.pl\/produkt\/siedem-siostr-m45\/\"]}]},{\"@type\":\"ImageObject\",\"inLanguage\":\"en-GB\",\"@id\":\"https:\/\/astrodream.pl\/produkt\/siedem-siostr-m45\/#primaryimage\",\"url\":\"https:\/\/astrodream.pl\/wp-content\/uploads\/2025\/01\/Siedem-Siostr-zmniejszone-poprawione.jpg\",\"contentUrl\":\"https:\/\/astrodream.pl\/wp-content\/uploads\/2025\/01\/Siedem-Siostr-zmniejszone-poprawione.jpg\",\"width\":1401,\"height\":2000},{\"@type\":\"BreadcrumbList\",\"@id\":\"https:\/\/astrodream.pl\/produkt\/siedem-siostr-m45\/#breadcrumb\",\"itemListElement\":[{\"@type\":\"ListItem\",\"position\":1,\"name\":\"Strona g\u0142\u00f3wna\",\"item\":\"https:\/\/astrodream.pl\/\"},{\"@type\":\"ListItem\",\"position\":2,\"name\":\"Sklep\",\"item\":\"https:\/\/astrodream.pl\/sklep\/\"},{\"@type\":\"ListItem\",\"position\":3,\"name\":\"Siedem si\u00f3str &#8211; M45\"}]},{\"@type\":\"WebSite\",\"@id\":\"https:\/\/astrodream.pl\/#website\",\"url\":\"https:\/\/astrodream.pl\/\",\"name\":\"astrodream.pl\",\"description\":\"Astrofotografia, sklep z obrazami, wydrukami\",\"publisher\":{\"@id\":\"https:\/\/astrodream.pl\/#organization\"},\"potentialAction\":[{\"@type\":\"SearchAction\",\"target\":{\"@type\":\"EntryPoint\",\"urlTemplate\":\"https:\/\/astrodream.pl\/?s={search_term_string}\"},\"query-input\":{\"@type\":\"PropertyValueSpecification\",\"valueRequired\":true,\"valueName\":\"search_term_string\"}}],\"inLanguage\":\"en-GB\"},{\"@type\":\"Organization\",\"@id\":\"https:\/\/astrodream.pl\/#organization\",\"name\":\"Astrofotografia Marcin Rosadzi\u0144ski\",\"url\":\"https:\/\/astrodream.pl\/\",\"logo\":{\"@type\":\"ImageObject\",\"inLanguage\":\"en-GB\",\"@id\":\"https:\/\/astrodream.pl\/#\/schema\/logo\/image\/\",\"url\":\"https:\/\/astrodream.pl\/wp-content\/uploads\/2024\/07\/3-\u2014-kopia.png\",\"contentUrl\":\"https:\/\/astrodream.pl\/wp-content\/uploads\/2024\/07\/3-\u2014-kopia.png\",\"width\":700,\"height\":227,\"caption\":\"Astrofotografia Marcin Rosadzi\u0144ski\"},\"image\":{\"@id\":\"https:\/\/astrodream.pl\/#\/schema\/logo\/image\/\"}}]}<\/script>\n<!-- \/ Yoast SEO plugin. -->","yoast_head_json":{"title":"Siedem si\u00f3str - M45 - astrodream.pl","description":"Obraz z pi\u0119kn\u0105 fotografi\u0105 Siedem Si\u00f3str - M45. Mo\u017cliwe wydruki w formie obrazu, plakatu lub na p\u0142ycie PCV albo szkle akrylowym.","robots":{"index":"index","follow":"follow","max-snippet":"max-snippet:-1","max-image-preview":"max-image-preview:large","max-video-preview":"max-video-preview:-1"},"canonical":"https:\/\/astrodream.pl\/en\/product\/siedem-siostr-m45\/","og_locale":"en_GB","og_type":"article","og_title":"Siedem si\u00f3str - M45 - astrodream.pl","og_description":"Obraz z pi\u0119kn\u0105 fotografi\u0105 Siedem Si\u00f3str - M45. Mo\u017cliwe wydruki w formie obrazu, plakatu lub na p\u0142ycie PCV albo szkle akrylowym.","og_url":"https:\/\/astrodream.pl\/en\/product\/siedem-siostr-m45\/","og_site_name":"astrodream.pl","article_modified_time":"2026-02-26T20:18:05+00:00","og_image":[{"width":1401,"height":2000,"url":"https:\/\/astrodream.pl\/wp-content\/uploads\/2025\/01\/Siedem-Siostr-zmniejszone-poprawione.jpg","type":"image\/jpeg"}],"twitter_card":"summary_large_image","twitter_misc":{"Estimated reading time":"4 minutes"},"schema":{"@context":"https:\/\/schema.org","@graph":[{"@type":"WebPage","@id":"https:\/\/astrodream.pl\/produkt\/siedem-siostr-m45\/","url":"https:\/\/astrodream.pl\/produkt\/siedem-siostr-m45\/","name":"Siedem si\u00f3str - M45 - astrodream.pl","isPartOf":{"@id":"https:\/\/astrodream.pl\/#website"},"primaryImageOfPage":{"@id":"https:\/\/astrodream.pl\/produkt\/siedem-siostr-m45\/#primaryimage"},"image":{"@id":"https:\/\/astrodream.pl\/produkt\/siedem-siostr-m45\/#primaryimage"},"thumbnailUrl":"https:\/\/astrodream.pl\/wp-content\/uploads\/2025\/01\/Siedem-Siostr-zmniejszone-poprawione.jpg","datePublished":"2025-01-20T21:26:26+00:00","dateModified":"2026-02-26T20:18:05+00:00","description":"Obraz z pi\u0119kn\u0105 fotografi\u0105 Siedem Si\u00f3str - M45. Mo\u017cliwe wydruki w formie obrazu, plakatu lub na p\u0142ycie PCV albo szkle akrylowym.","breadcrumb":{"@id":"https:\/\/astrodream.pl\/produkt\/siedem-siostr-m45\/#breadcrumb"},"inLanguage":"en-GB","potentialAction":[{"@type":"ReadAction","target":["https:\/\/astrodream.pl\/produkt\/siedem-siostr-m45\/"]}]},{"@type":"ImageObject","inLanguage":"en-GB","@id":"https:\/\/astrodream.pl\/produkt\/siedem-siostr-m45\/#primaryimage","url":"https:\/\/astrodream.pl\/wp-content\/uploads\/2025\/01\/Siedem-Siostr-zmniejszone-poprawione.jpg","contentUrl":"https:\/\/astrodream.pl\/wp-content\/uploads\/2025\/01\/Siedem-Siostr-zmniejszone-poprawione.jpg","width":1401,"height":2000},{"@type":"BreadcrumbList","@id":"https:\/\/astrodream.pl\/produkt\/siedem-siostr-m45\/#breadcrumb","itemListElement":[{"@type":"ListItem","position":1,"name":"Strona g\u0142\u00f3wna","item":"https:\/\/astrodream.pl\/"},{"@type":"ListItem","position":2,"name":"Sklep","item":"https:\/\/astrodream.pl\/sklep\/"},{"@type":"ListItem","position":3,"name":"Siedem si\u00f3str &#8211; M45"}]},{"@type":"WebSite","@id":"https:\/\/astrodream.pl\/#website","url":"https:\/\/astrodream.pl\/","name":"astrodream.pl","description":"Astrofotografia, sklep z obrazami, wydrukami","publisher":{"@id":"https:\/\/astrodream.pl\/#organization"},"potentialAction":[{"@type":"SearchAction","target":{"@type":"EntryPoint","urlTemplate":"https:\/\/astrodream.pl\/?s={search_term_string}"},"query-input":{"@type":"PropertyValueSpecification","valueRequired":true,"valueName":"search_term_string"}}],"inLanguage":"en-GB"},{"@type":"Organization","@id":"https:\/\/astrodream.pl\/#organization","name":"Astrofotografia Marcin Rosadzi\u0144ski","url":"https:\/\/astrodream.pl\/","logo":{"@type":"ImageObject","inLanguage":"en-GB","@id":"https:\/\/astrodream.pl\/#\/schema\/logo\/image\/","url":"https:\/\/astrodream.pl\/wp-content\/uploads\/2024\/07\/3-\u2014-kopia.png","contentUrl":"https:\/\/astrodream.pl\/wp-content\/uploads\/2024\/07\/3-\u2014-kopia.png","width":700,"height":227,"caption":"Astrofotografia Marcin Rosadzi\u0144ski"},"image":{"@id":"https:\/\/astrodream.pl\/#\/schema\/logo\/image\/"}}]}},"uagb_featured_image_src":{"full":["https:\/\/astrodream.pl\/wp-content\/uploads\/2025\/01\/Siedem-Siostr-zmniejszone-poprawione.jpg",1401,2000,false],"thumbnail":["https:\/\/astrodream.pl\/wp-content\/uploads\/2025\/01\/Siedem-Siostr-zmniejszone-poprawione-150x150.jpg",150,150,true],"medium":["https:\/\/astrodream.pl\/wp-content\/uploads\/2025\/01\/Siedem-Siostr-zmniejszone-poprawione-210x300.jpg",210,300,true],"medium_large":["https:\/\/astrodream.pl\/wp-content\/uploads\/2025\/01\/Siedem-Siostr-zmniejszone-poprawione-768x1096.jpg",768,1096,true],"large":["https:\/\/astrodream.pl\/wp-content\/uploads\/2025\/01\/Siedem-Siostr-zmniejszone-poprawione-717x1024.jpg",717,1024,true],"1536x1536":["https:\/\/astrodream.pl\/wp-content\/uploads\/2025\/01\/Siedem-Siostr-zmniejszone-poprawione-1076x1536.jpg",1076,1536,true],"2048x2048":["https:\/\/astrodream.pl\/wp-content\/uploads\/2025\/01\/Siedem-Siostr-zmniejszone-poprawione.jpg",1401,2000,false],"trp-custom-language-flag":["https:\/\/astrodream.pl\/wp-content\/uploads\/2025\/01\/Siedem-Siostr-zmniejszone-poprawione-8x12.jpg",8,12,true],"woocommerce_thumbnail":["https:\/\/astrodream.pl\/wp-content\/uploads\/2025\/01\/Siedem-Siostr-zmniejszone-poprawione-300x300.jpg",300,300,true],"woocommerce_single":["https:\/\/astrodream.pl\/wp-content\/uploads\/2025\/01\/Siedem-Siostr-zmniejszone-poprawione-600x857.jpg",600,857,true],"woocommerce_gallery_thumbnail":["https:\/\/astrodream.pl\/wp-content\/uploads\/2025\/01\/Siedem-Siostr-zmniejszone-poprawione-100x100.jpg",100,100,true],"variation_swatches_image_size":["https:\/\/astrodream.pl\/wp-content\/uploads\/2025\/01\/Siedem-Siostr-zmniejszone-poprawione-50x50.jpg",50,50,true],"variation_swatches_tooltip_size":["https:\/\/astrodream.pl\/wp-content\/uploads\/2025\/01\/Siedem-Siostr-zmniejszone-poprawione-100x100.jpg",100,100,true]},"uagb_author_info":{"display_name":"admin","author_link":"https:\/\/astrodream.pl\/en\/author\/"},"uagb_comment_info":0,"uagb_excerpt":"Siedem Si\u00f3str - M45 Zdj\u0119cie przedstawia jeden z najbardziej popularnych i najcz\u0119\u015bciej fotografowanych obiekt\u00f3w nocnego nieba czyli M45 ( potocznie nazywany Plejadami lub Siedmioma Siostrami ) kt\u00f3ry znajduje si\u0119 w konstelacji Byka. Plejady to gromada otwarta otoczona niebiesk\u0105 mg\u0142awic\u0105 refleksyjn\u0105 kt\u00f3ra jest oddalona od ziemi oko\u0142o 444 lat \u015bwietlnych. Fotografi\u0119 wykona\u0142em pod najciemniejszym niebem w&hellip;","_links":{"self":[{"href":"https:\/\/astrodream.pl\/en\/wp-json\/wp\/v2\/product\/2694","targetHints":{"allow":["GET"]}}],"collection":[{"href":"https:\/\/astrodream.pl\/en\/wp-json\/wp\/v2\/product"}],"about":[{"href":"https:\/\/astrodream.pl\/en\/wp-json\/wp\/v2\/types\/product"}],"replies":[{"embeddable":true,"href":"https:\/\/astrodream.pl\/en\/wp-json\/wp\/v2\/comments?post=2694"}],"wp:featuredmedia":[{"embeddable":true,"href":"https:\/\/astrodream.pl\/en\/wp-json\/wp\/v2\/media\/3192"}],"wp:attachment":[{"href":"https:\/\/astrodream.pl\/en\/wp-json\/wp\/v2\/media?parent=2694"}],"wp:term":[{"taxonomy":"product_brand","embeddable":true,"href":"https:\/\/astrodream.pl\/en\/wp-json\/wp\/v2\/product_brand?post=2694"},{"taxonomy":"product_cat","embeddable":true,"href":"https:\/\/astrodream.pl\/en\/wp-json\/wp\/v2\/product_cat?post=2694"},{"taxonomy":"product_tag","embeddable":true,"href":"https:\/\/astrodream.pl\/en\/wp-json\/wp\/v2\/product_tag?post=2694"}],"curies":[{"name":"wp","href":"https:\/\/api.w.org\/{rel}","templated":true}]}}